{"id":875,"date":"2018-12-10T23:11:08","date_gmt":"2018-12-10T21:11:08","guid":{"rendered":"http:\/\/www.similanratsutila.fi\/?page_id=875"},"modified":"2025-01-13T12:22:12","modified_gmt":"2025-01-13T10:22:12","slug":"poni-hevostalutukset-tapahtumiin","status":"publish","type":"page","link":"https:\/\/www.similanratsutila.fi\/?page_id=875","title":{"rendered":"Poni\/hevostalutukset tapahtumiin"},"content":{"rendered":"<p><a href=\"http:\/\/www.similanratsutila.fi\/wp-content\/uploads\/2018\/12\/E4EDA7E4-9233-4BB0-A944-DC3CF57CD8DD.png\"><img loading=\"lazy\" decoding=\"async\" class=\"alignnone size-medium wp-image-878\" src=\"http:\/\/www.similanratsutila.fi\/wp-content\/uploads\/2018\/12\/E4EDA7E4-9233-4BB0-A944-DC3CF57CD8DD-300x225.png\" alt=\"\" width=\"300\" height=\"225\" srcset=\"https:\/\/www.similanratsutila.fi\/wp-content\/uploads\/2018\/12\/E4EDA7E4-9233-4BB0-A944-DC3CF57CD8DD-300x225.png 300w, https:\/\/www.similanratsutila.fi\/wp-content\/uploads\/2018\/12\/E4EDA7E4-9233-4BB0-A944-DC3CF57CD8DD-768x576.png 768w, https:\/\/www.similanratsutila.fi\/wp-content\/uploads\/2018\/12\/E4EDA7E4-9233-4BB0-A944-DC3CF57CD8DD-1024x768.png 1024w, https:\/\/www.similanratsutila.fi\/wp-content\/uploads\/2018\/12\/E4EDA7E4-9233-4BB0-A944-DC3CF57CD8DD.png 2048w\" sizes=\"auto, (max-width: 300px) 100vw, 300px\" \/><\/a><\/p>\n<p>Kokeneet, hyvin k\u00e4ytt\u00e4ytyv\u00e4t ponit\/hevoset ilahduttamaan erilaisia tapahtumia, lastenkutsuja<\/p>\n<p>Koska hevoset ja ponit ovat laumael\u00e4imi\u00e4, tapahtumiin tulee samalla kyydill\u00e4 \u00a0aina v\u00e4hint\u00e4\u00e4n 2 ponia\/hevosta tai poni ja hevonen sek\u00e4 taluttajaa<\/p>\n<p>180\u20ac\/h<\/p>\n\n\n<figure class=\"wp-block-image size-full\"><a href=\"https:\/\/www.similanratsutila.fi\/wp-content\/uploads\/2022\/01\/A4761012-1F39-494E-9306-E31EFECC945A.jpeg\"><img loading=\"lazy\" decoding=\"async\" width=\"914\" height=\"652\" src=\"https:\/\/www.similanratsutila.fi\/wp-content\/uploads\/2022\/01\/A4761012-1F39-494E-9306-E31EFECC945A.jpeg\" alt=\"\" class=\"wp-image-1189\" srcset=\"https:\/\/www.similanratsutila.fi\/wp-content\/uploads\/2022\/01\/A4761012-1F39-494E-9306-E31EFECC945A.jpeg 914w, https:\/\/www.similanratsutila.fi\/wp-content\/uploads\/2022\/01\/A4761012-1F39-494E-9306-E31EFECC945A-300x214.jpeg 300w, https:\/\/www.similanratsutila.fi\/wp-content\/uploads\/2022\/01\/A4761012-1F39-494E-9306-E31EFECC945A-768x548.jpeg 768w\" sizes=\"auto, (max-width: 914px) 100vw, 914px\" \/><\/a><figcaption class=\"wp-element-caption\">Tarun Taimi<\/figcaption><\/figure>\n\n\n\n<figure class=\"wp-block-image size-full\"><a href=\"https:\/\/www.similanratsutila.fi\/wp-content\/uploads\/2022\/01\/8FB0317B-E7B8-4C36-8E61-F9172E8F3F9C.jpeg\"><img loading=\"lazy\" decoding=\"async\" width=\"750\" height=\"563\" src=\"https:\/\/www.similanratsutila.fi\/wp-content\/uploads\/2022\/01\/8FB0317B-E7B8-4C36-8E61-F9172E8F3F9C.jpeg\" alt=\"\" class=\"wp-image-1150\" srcset=\"https:\/\/www.similanratsutila.fi\/wp-content\/uploads\/2022\/01\/8FB0317B-E7B8-4C36-8E61-F9172E8F3F9C.jpeg 750w, https:\/\/www.similanratsutila.fi\/wp-content\/uploads\/2022\/01\/8FB0317B-E7B8-4C36-8E61-F9172E8F3F9C-300x225.jpeg 300w\" sizes=\"auto, (max-width: 750px) 100vw, 750px\" \/><\/a><figcaption class=\"wp-element-caption\">Brava<\/figcaption><\/figure>\n\n\n\n<figure class=\"wp-block-image size-full\"><a href=\"https:\/\/www.similanratsutila.fi\/wp-content\/uploads\/2022\/01\/9D398BCD-5ACC-4ECD-BE7E-FBFF0C2DDCF6.jpeg\"><img loading=\"lazy\" decoding=\"async\" width=\"754\" height=\"698\" src=\"https:\/\/www.similanratsutila.fi\/wp-content\/uploads\/2022\/01\/9D398BCD-5ACC-4ECD-BE7E-FBFF0C2DDCF6.jpeg\" alt=\"\" class=\"wp-image-1119\" srcset=\"https:\/\/www.similanratsutila.fi\/wp-content\/uploads\/2022\/01\/9D398BCD-5ACC-4ECD-BE7E-FBFF0C2DDCF6.jpeg 754w, https:\/\/www.similanratsutila.fi\/wp-content\/uploads\/2022\/01\/9D398BCD-5ACC-4ECD-BE7E-FBFF0C2DDCF6-300x278.jpeg 300w\" sizes=\"auto, (max-width: 754px) 100vw, 754px\" \/><\/a><\/figure>\n","protected":false},"excerpt":{"rendered":"<p>Kokeneet, hyvin k\u00e4ytt\u00e4ytyv\u00e4t ponit\/hevoset ilahduttamaan erilaisia tapahtumia, lastenkutsuja Koska hevoset ja ponit ovat laumael\u00e4imi\u00e4, tapahtumiin tulee samalla kyydill\u00e4 \u00a0aina v\u00e4hint\u00e4\u00e4n 2 ponia\/hevosta tai poni ja hevonen sek\u00e4 taluttajaa 180\u20ac\/h<\/p>\n","protected":false},"author":2,"featured_media":0,"parent":0,"menu_order":0,"comment_status":"closed","ping_status":"closed","template":"","meta":{"footnotes":""},"class_list":["post-875","page","type-page","status-publish","hentry"],"_links":{"self":[{"href":"https:\/\/www.similanratsutila.fi\/index.php?rest_route=\/wp\/v2\/pages\/875","targetHints":{"allow":["GET"]}}],"collection":[{"href":"https:\/\/www.similanratsutila.fi\/index.php?rest_route=\/wp\/v2\/pages"}],"about":[{"href":"https:\/\/www.similanratsutila.fi\/index.php?rest_route=\/wp\/v2\/types\/page"}],"author":[{"embeddable":true,"href":"https:\/\/www.similanratsutila.fi\/index.php?rest_route=\/wp\/v2\/users\/2"}],"replies":[{"embeddable":true,"href":"https:\/\/www.similanratsutila.fi\/index.php?rest_route=%2Fwp%2Fv2%2Fcomments&post=875"}],"version-history":[{"count":7,"href":"https:\/\/www.similanratsutila.fi\/index.php?rest_route=\/wp\/v2\/pages\/875\/revisions"}],"predecessor-version":[{"id":1479,"href":"https:\/\/www.similanratsutila.fi\/index.php?rest_route=\/wp\/v2\/pages\/875\/revisions\/1479"}],"wp:attachment":[{"href":"https:\/\/www.similanratsutila.fi\/index.php?rest_route=%2Fwp%2Fv2%2Fmedia&parent=875"}],"curies":[{"name":"wp","href":"https:\/\/api.w.org\/{rel}","templated":true}]}}