{"id":873,"date":"2018-12-10T23:10:15","date_gmt":"2018-12-10T21:10:15","guid":{"rendered":"http:\/\/www.similanratsutila.fi\/?page_id=873"},"modified":"2022-01-17T23:54:37","modified_gmt":"2022-01-17T21:54:37","slug":"synttarit-tallilla","status":"publish","type":"page","link":"https:\/\/www.similanratsutila.fi\/?page_id=873","title":{"rendered":"Syntt\u00e4rijuhlat tallilla"},"content":{"rendered":"<p>\u00a0<\/p>\n<p><a href=\"http:\/\/www.similanratsutila.fi\/wp-content\/uploads\/2018\/12\/IMG_20181201_181714.png\"><img loading=\"lazy\" decoding=\"async\" class=\"alignnone size-medium wp-image-871\" src=\"http:\/\/www.similanratsutila.fi\/wp-content\/uploads\/2018\/12\/IMG_20181201_181714-300x228.png\" alt=\"\" width=\"300\" height=\"228\" srcset=\"https:\/\/www.similanratsutila.fi\/wp-content\/uploads\/2018\/12\/IMG_20181201_181714-300x228.png 300w, https:\/\/www.similanratsutila.fi\/wp-content\/uploads\/2018\/12\/IMG_20181201_181714-768x582.png 768w, https:\/\/www.similanratsutila.fi\/wp-content\/uploads\/2018\/12\/IMG_20181201_181714-1024x777.png 1024w, https:\/\/www.similanratsutila.fi\/wp-content\/uploads\/2018\/12\/IMG_20181201_181714.png 1080w\" sizes=\"auto, (max-width: 300px) 100vw, 300px\" \/><\/a><\/p>\n<p>Lasten syntt\u00e4rit tallilla<\/p>\n<p>Mahtava, ikimuistoinen el\u00e4mys yhdess\u00e4 yst\u00e4vien kanssa! <span class=\"Apple-converted-space\">\u00a0<\/span><\/p>\n<p>\u201dParhaat syntt\u00e4rit ikin\u00e4\u201d<\/p>\n<p>Ei tarvitse aikaisempaa kokemusta<\/p>\n<p>Sis\u00e4lt\u00e4\u00e4:<\/p>\n<ul>\n<li>Yhdess\u00e4 ponien\/hevosten kuntoon laittoa ohjatusti tallilla<\/li>\n<li>Teht\u00e4v\u00e4radan ratsastusta, tarvittaessa taluttaja k\u00e4ytett\u00e4viss\u00e4. Mahdollisuus my\u00f6s ratsastaa yhdess\u00e4 yst\u00e4vien kanssa, kts hinnasto<\/li>\n<\/ul>\n<p>Omat herkut mukaan.<\/p>\n<p>Hinta 150\u20ac\/1,5h<\/p>\n<p>Ilmoitathan mahdollisista allergioista\u00a0<\/p>\n<p>\u00a0<\/p>\n<p>\u00a0<\/p>\n<p>Tervetuloa!<\/p>\n\n\n<figure class=\"wp-block-image size-full is-resized\"><a href=\"https:\/\/www.similanratsutila.fi\/wp-content\/uploads\/2022\/01\/3BFB7D7F-C466-484B-998A-E72449793B0D.jpeg\"><img loading=\"lazy\" decoding=\"async\" src=\"https:\/\/www.similanratsutila.fi\/wp-content\/uploads\/2022\/01\/3BFB7D7F-C466-484B-998A-E72449793B0D.jpeg\" alt=\"\" class=\"wp-image-1214\" width=\"861\" height=\"639\" srcset=\"https:\/\/www.similanratsutila.fi\/wp-content\/uploads\/2022\/01\/3BFB7D7F-C466-484B-998A-E72449793B0D.jpeg 944w, https:\/\/www.similanratsutila.fi\/wp-content\/uploads\/2022\/01\/3BFB7D7F-C466-484B-998A-E72449793B0D-300x223.jpeg 300w, https:\/\/www.similanratsutila.fi\/wp-content\/uploads\/2022\/01\/3BFB7D7F-C466-484B-998A-E72449793B0D-768x570.jpeg 768w\" sizes=\"auto, (max-width: 861px) 100vw, 861px\" \/><\/a><\/figure>\n","protected":false},"excerpt":{"rendered":"<p>\u00a0 Lasten syntt\u00e4rit tallilla Mahtava, ikimuistoinen el\u00e4mys yhdess\u00e4 yst\u00e4vien kanssa! \u00a0 \u201dParhaat syntt\u00e4rit ikin\u00e4\u201d Ei tarvitse aikaisempaa kokemusta Sis\u00e4lt\u00e4\u00e4: Yhdess\u00e4 ponien\/hevosten kuntoon laittoa ohjatusti tallilla Teht\u00e4v\u00e4radan ratsastusta, tarvittaessa taluttaja k\u00e4ytett\u00e4viss\u00e4. Mahdollisuus my\u00f6s ratsastaa yhdess\u00e4 yst\u00e4vien kanssa, kts hinnasto Omat herkut mukaan. Hinta 150\u20ac\/1,5h Ilmoitathan mahdollisista allergioista\u00a0 \u00a0 \u00a0 Tervetuloa!<\/p>\n","protected":false},"author":2,"featured_media":0,"parent":0,"menu_order":0,"comment_status":"closed","ping_status":"closed","template":"","meta":{"footnotes":""},"class_list":["post-873","page","type-page","status-publish","hentry"],"_links":{"self":[{"href":"https:\/\/www.similanratsutila.fi\/index.php?rest_route=\/wp\/v2\/pages\/873","targetHints":{"allow":["GET"]}}],"collection":[{"href":"https:\/\/www.similanratsutila.fi\/index.php?rest_route=\/wp\/v2\/pages"}],"about":[{"href":"https:\/\/www.similanratsutila.fi\/index.php?rest_route=\/wp\/v2\/types\/page"}],"author":[{"embeddable":true,"href":"https:\/\/www.similanratsutila.fi\/index.php?rest_route=\/wp\/v2\/users\/2"}],"replies":[{"embeddable":true,"href":"https:\/\/www.similanratsutila.fi\/index.php?rest_route=%2Fwp%2Fv2%2Fcomments&post=873"}],"version-history":[{"count":5,"href":"https:\/\/www.similanratsutila.fi\/index.php?rest_route=\/wp\/v2\/pages\/873\/revisions"}],"predecessor-version":[{"id":1215,"href":"https:\/\/www.similanratsutila.fi\/index.php?rest_route=\/wp\/v2\/pages\/873\/revisions\/1215"}],"wp:attachment":[{"href":"https:\/\/www.similanratsutila.fi\/index.php?rest_route=%2Fwp%2Fv2%2Fmedia&parent=873"}],"curies":[{"name":"wp","href":"https:\/\/api.w.org\/{rel}","templated":true}]}}