{"id":82,"date":"2013-12-11T14:35:29","date_gmt":"2013-12-11T12:35:29","guid":{"rendered":"http:\/\/simila.mainostoimistomuu.fi\/?page_id=82"},"modified":"2022-01-31T15:36:59","modified_gmt":"2022-01-31T13:36:59","slug":"tarmo","status":"publish","type":"page","link":"https:\/\/www.similanratsutila.fi\/?page_id=82","title":{"rendered":"Tarmo"},"content":{"rendered":"<p><a href=\"http:\/\/www.similanratsutila.fi\/wp-content\/uploads\/2013\/12\/IMG_1396.jpg\" rel=\"attachment wp-att-611\"><img loading=\"lazy\" decoding=\"async\" class=\"size-medium wp-image-611 alignleft\" src=\"http:\/\/www.similanratsutila.fi\/wp-content\/uploads\/2013\/12\/IMG_1396-300x200.jpg\" alt=\"IMG_1396\" width=\"300\" height=\"200\" srcset=\"https:\/\/www.similanratsutila.fi\/wp-content\/uploads\/2013\/12\/IMG_1396-300x200.jpg 300w, https:\/\/www.similanratsutila.fi\/wp-content\/uploads\/2013\/12\/IMG_1396-768x512.jpg 768w, https:\/\/www.similanratsutila.fi\/wp-content\/uploads\/2013\/12\/IMG_1396-1024x683.jpg 1024w, https:\/\/www.similanratsutila.fi\/wp-content\/uploads\/2013\/12\/IMG_1396.jpg 2048w\" sizes=\"auto, (max-width: 300px) 100vw, 300px\" \/><\/a><\/p>\n<p>Tarusoturi<\/p>\n<p>s. 2012<\/p>\n<p>i. Silvolan Hemminki<\/p>\n<p>e. Taranteli<\/p>\n<p>Tarmo on 2017 H\u00e4meen alueen suomenhevosten kultamitalisti<\/p>\n<p>Tarmo on is\u00e4ns\u00e4 Silvolan Hemmingin ensimm\u00e4inen ja Taaben toinen varsa sek\u00e4 Tarun pikkuveli, Tertun isoveli. Rohkea, yst\u00e4v\u00e4llinen ja hienoliikkeinen ruuna.<\/p>\n<p>Tarmo on kilpaillut HeA alue ja kansallisellatasolla. Opetusteht\u00e4vien lis\u00e4ksi Tarmo on opiskelijoiden kurssihevosena.<\/p>\n<p>&#8221;Siin\u00e4 on sellainen varsa, etten min\u00e4 anna sit\u00e4 mill\u00e4\u00e4n. Rahaa tehd\u00e4\u00e4n Helsinkiss\u00e4 hopeesta ja paperista, mutta hyv\u00e4t hevoset on taivaanlahjoja.&#8221;<br \/>\n-V\u00e4in\u00f6 Linna: T\u00e4\u00e4ll\u00e4 Pohjant\u00e4hden alla<\/p>\n","protected":false},"excerpt":{"rendered":"<p>Tarusoturi s. 2012 i. Silvolan Hemminki e. Taranteli Tarmo on 2017 H\u00e4meen alueen suomenhevosten kultamitalisti Tarmo on is\u00e4ns\u00e4 Silvolan Hemmingin ensimm\u00e4inen ja Taaben toinen varsa sek\u00e4 Tarun pikkuveli, Tertun isoveli. Rohkea, yst\u00e4v\u00e4llinen ja hienoliikkeinen ruuna. Tarmo on kilpaillut HeA alue ja kansallisellatasolla. Opetusteht\u00e4vien lis\u00e4ksi Tarmo on opiskelijoiden kurssihevosena. &#8221;Siin\u00e4 on sellainen varsa, etten min\u00e4 anna [&hellip;]<\/p>\n","protected":false},"author":1,"featured_media":0,"parent":31,"menu_order":4,"comment_status":"closed","ping_status":"closed","template":"","meta":{"footnotes":""},"class_list":["post-82","page","type-page","status-publish","hentry"],"_links":{"self":[{"href":"https:\/\/www.similanratsutila.fi\/index.php?rest_route=\/wp\/v2\/pages\/82","targetHints":{"allow":["GET"]}}],"collection":[{"href":"https:\/\/www.similanratsutila.fi\/index.php?rest_route=\/wp\/v2\/pages"}],"about":[{"href":"https:\/\/www.similanratsutila.fi\/index.php?rest_route=\/wp\/v2\/types\/page"}],"author":[{"embeddable":true,"href":"https:\/\/www.similanratsutila.fi\/index.php?rest_route=\/wp\/v2\/users\/1"}],"replies":[{"embeddable":true,"href":"https:\/\/www.similanratsutila.fi\/index.php?rest_route=%2Fwp%2Fv2%2Fcomments&post=82"}],"version-history":[{"count":5,"href":"https:\/\/www.similanratsutila.fi\/index.php?rest_route=\/wp\/v2\/pages\/82\/revisions"}],"predecessor-version":[{"id":1312,"href":"https:\/\/www.similanratsutila.fi\/index.php?rest_route=\/wp\/v2\/pages\/82\/revisions\/1312"}],"up":[{"embeddable":true,"href":"https:\/\/www.similanratsutila.fi\/index.php?rest_route=\/wp\/v2\/pages\/31"}],"wp:attachment":[{"href":"https:\/\/www.similanratsutila.fi\/index.php?rest_route=%2Fwp%2Fv2%2Fmedia&parent=82"}],"curies":[{"name":"wp","href":"https:\/\/api.w.org\/{rel}","templated":true}]}}