{"id":78,"date":"2013-12-11T14:33:41","date_gmt":"2013-12-11T12:33:41","guid":{"rendered":"http:\/\/simila.mainostoimistomuu.fi\/?page_id=78"},"modified":"2025-01-13T12:20:47","modified_gmt":"2025-01-13T10:20:47","slug":"sigrid","status":"publish","type":"page","link":"https:\/\/www.similanratsutila.fi\/?page_id=78","title":{"rendered":"Lempi"},"content":{"rendered":"<p>Ihalempi<\/p>\n<p>s. 9.5.2013<\/p>\n<p>i. Liising<\/p>\n<p>ei. Mikker<\/p>\n<p>noin 165cm<\/p>\n<p>Suomenhevostamma Lempi on hyvin utelias ja yst\u00e4v\u00e4llinen.<\/p>\n<p>Lempi on herkk\u00e4 ja siksi varusteiden laitossa on hyv\u00e4 pyyt\u00e4\u00e4 apua tallin henkil\u00f6kunnalta. Lempille laitetaan ratsastukseen korvahuput.<\/p>\n","protected":false},"excerpt":{"rendered":"<p>Ihalempi s. 9.5.2013 i. Liising ei. Mikker noin 165cm Suomenhevostamma Lempi on hyvin utelias ja yst\u00e4v\u00e4llinen. Lempi on herkk\u00e4 ja siksi varusteiden laitossa on hyv\u00e4 pyyt\u00e4\u00e4 apua tallin henkil\u00f6kunnalta. Lempille laitetaan ratsastukseen korvahuput.<\/p>\n","protected":false},"author":1,"featured_media":0,"parent":31,"menu_order":3,"comment_status":"closed","ping_status":"closed","template":"","meta":{"footnotes":""},"class_list":["post-78","page","type-page","status-publish","hentry"],"_links":{"self":[{"href":"https:\/\/www.similanratsutila.fi\/index.php?rest_route=\/wp\/v2\/pages\/78","targetHints":{"allow":["GET"]}}],"collection":[{"href":"https:\/\/www.similanratsutila.fi\/index.php?rest_route=\/wp\/v2\/pages"}],"about":[{"href":"https:\/\/www.similanratsutila.fi\/index.php?rest_route=\/wp\/v2\/types\/page"}],"author":[{"embeddable":true,"href":"https:\/\/www.similanratsutila.fi\/index.php?rest_route=\/wp\/v2\/users\/1"}],"replies":[{"embeddable":true,"href":"https:\/\/www.similanratsutila.fi\/index.php?rest_route=%2Fwp%2Fv2%2Fcomments&post=78"}],"version-history":[{"count":7,"href":"https:\/\/www.similanratsutila.fi\/index.php?rest_route=\/wp\/v2\/pages\/78\/revisions"}],"predecessor-version":[{"id":1477,"href":"https:\/\/www.similanratsutila.fi\/index.php?rest_route=\/wp\/v2\/pages\/78\/revisions\/1477"}],"up":[{"embeddable":true,"href":"https:\/\/www.similanratsutila.fi\/index.php?rest_route=\/wp\/v2\/pages\/31"}],"wp:attachment":[{"href":"https:\/\/www.similanratsutila.fi\/index.php?rest_route=%2Fwp%2Fv2%2Fmedia&parent=78"}],"curies":[{"name":"wp","href":"https:\/\/api.w.org\/{rel}","templated":true}]}}