{"id":74,"date":"2013-12-11T14:29:20","date_gmt":"2013-12-11T12:29:20","guid":{"rendered":"http:\/\/simila.mainostoimistomuu.fi\/?page_id=74"},"modified":"2022-07-23T05:22:00","modified_gmt":"2022-07-23T02:22:00","slug":"lily","status":"publish","type":"page","link":"https:\/\/www.similanratsutila.fi\/?page_id=74","title":{"rendered":"Lily"},"content":{"rendered":"<p>Lily of Oakland<\/p>\n<p>s. 2011<\/p>\n<p>i v \u00a0d Lissaro<\/p>\n<p>ei Beluga<\/p>\n<p>Hannovertamma Lily on kiltti ja asiallinen tamma.<\/p>\n<p>Lily on kilpaillut PSG luokissa kansallisella tasolla.<\/p>\n<p>T\u00e4m\u00e4 kaunotar on Marin silm\u00e4ter\u00e4.<\/p>\n<p><a href=\"https:\/\/www.similanratsutila.fi\/wp-content\/uploads\/2022\/07\/lily-of-oaklands-9699-1.jpg\"><img loading=\"lazy\" decoding=\"async\" class=\"alignnone size-medium wp-image-1370\" src=\"https:\/\/www.similanratsutila.fi\/wp-content\/uploads\/2022\/07\/lily-of-oaklands-9699-1-300x200.jpg\" alt=\"\" width=\"300\" height=\"200\" srcset=\"https:\/\/www.similanratsutila.fi\/wp-content\/uploads\/2022\/07\/lily-of-oaklands-9699-1-300x200.jpg 300w, https:\/\/www.similanratsutila.fi\/wp-content\/uploads\/2022\/07\/lily-of-oaklands-9699-1-1024x683.jpg 1024w, https:\/\/www.similanratsutila.fi\/wp-content\/uploads\/2022\/07\/lily-of-oaklands-9699-1-768x512.jpg 768w, https:\/\/www.similanratsutila.fi\/wp-content\/uploads\/2022\/07\/lily-of-oaklands-9699-1.jpg 1200w\" sizes=\"auto, (max-width: 300px) 100vw, 300px\" \/><\/a><a href=\"https:\/\/www.similanratsutila.fi\/wp-content\/uploads\/2022\/07\/lily-of-oaklands-9729.jpg\"><img loading=\"lazy\" decoding=\"async\" class=\"alignnone size-medium wp-image-1371\" src=\"https:\/\/www.similanratsutila.fi\/wp-content\/uploads\/2022\/07\/lily-of-oaklands-9729-300x200.jpg\" alt=\"\" width=\"300\" height=\"200\" srcset=\"https:\/\/www.similanratsutila.fi\/wp-content\/uploads\/2022\/07\/lily-of-oaklands-9729-300x200.jpg 300w, https:\/\/www.similanratsutila.fi\/wp-content\/uploads\/2022\/07\/lily-of-oaklands-9729-1024x683.jpg 1024w, https:\/\/www.similanratsutila.fi\/wp-content\/uploads\/2022\/07\/lily-of-oaklands-9729-768x512.jpg 768w, https:\/\/www.similanratsutila.fi\/wp-content\/uploads\/2022\/07\/lily-of-oaklands-9729.jpg 1200w\" sizes=\"auto, (max-width: 300px) 100vw, 300px\" \/><\/a><\/p>\n","protected":false},"excerpt":{"rendered":"<p>Lily of Oakland s. 2011 i v \u00a0d Lissaro ei Beluga Hannovertamma Lily on kiltti ja asiallinen tamma. Lily on kilpaillut PSG luokissa kansallisella tasolla. T\u00e4m\u00e4 kaunotar on Marin silm\u00e4ter\u00e4.<\/p>\n","protected":false},"author":1,"featured_media":0,"parent":66,"menu_order":1,"comment_status":"closed","ping_status":"open","template":"","meta":{"footnotes":""},"class_list":["post-74","page","type-page","status-publish","hentry"],"_links":{"self":[{"href":"https:\/\/www.similanratsutila.fi\/index.php?rest_route=\/wp\/v2\/pages\/74","targetHints":{"allow":["GET"]}}],"collection":[{"href":"https:\/\/www.similanratsutila.fi\/index.php?rest_route=\/wp\/v2\/pages"}],"about":[{"href":"https:\/\/www.similanratsutila.fi\/index.php?rest_route=\/wp\/v2\/types\/page"}],"author":[{"embeddable":true,"href":"https:\/\/www.similanratsutila.fi\/index.php?rest_route=\/wp\/v2\/users\/1"}],"replies":[{"embeddable":true,"href":"https:\/\/www.similanratsutila.fi\/index.php?rest_route=%2Fwp%2Fv2%2Fcomments&post=74"}],"version-history":[{"count":5,"href":"https:\/\/www.similanratsutila.fi\/index.php?rest_route=\/wp\/v2\/pages\/74\/revisions"}],"predecessor-version":[{"id":1383,"href":"https:\/\/www.similanratsutila.fi\/index.php?rest_route=\/wp\/v2\/pages\/74\/revisions\/1383"}],"up":[{"embeddable":true,"href":"https:\/\/www.similanratsutila.fi\/index.php?rest_route=\/wp\/v2\/pages\/66"}],"wp:attachment":[{"href":"https:\/\/www.similanratsutila.fi\/index.php?rest_route=%2Fwp%2Fv2%2Fmedia&parent=74"}],"curies":[{"name":"wp","href":"https:\/\/api.w.org\/{rel}","templated":true}]}}