{"id":63,"date":"2013-12-11T14:24:13","date_gmt":"2013-12-11T12:24:13","guid":{"rendered":"http:\/\/simila.mainostoimistomuu.fi\/?page_id=63"},"modified":"2022-07-23T09:51:19","modified_gmt":"2022-07-23T06:51:19","slug":"daisy","status":"publish","type":"page","link":"https:\/\/www.similanratsutila.fi\/?page_id=63","title":{"rendered":"Daisy"},"content":{"rendered":"<p><a href=\"http:\/\/www.similanratsutila.fi\/wp-content\/uploads\/2013\/12\/IMG_1387.jpg\" rel=\"attachment wp-att-599\"><img loading=\"lazy\" decoding=\"async\" class=\"size-medium wp-image-599 alignleft\" src=\"http:\/\/www.similanratsutila.fi\/wp-content\/uploads\/2013\/12\/IMG_1387-200x300.jpg\" alt=\"IMG_1387\" width=\"200\" height=\"300\" srcset=\"https:\/\/www.similanratsutila.fi\/wp-content\/uploads\/2013\/12\/IMG_1387-200x300.jpg 200w, https:\/\/www.similanratsutila.fi\/wp-content\/uploads\/2013\/12\/IMG_1387.jpg 534w\" sizes=\"auto, (max-width: 200px) 100vw, 200px\" \/><\/a><\/p>\n<p>Daisy II<\/p>\n<p>S. 26.5.1985 Ruotsi<\/p>\n<p>i. Galax RS 138<br \/>\nei. Firth Bracken 120 RS<\/p>\n<p>noin 100cm<\/p>\n<p>Shetlanninponi Daisy on Simil\u00e4n Ratsutilan kuningatar. Daisy on opettanut lukemattoman m\u00e4\u00e4r\u00e4n ratsastajia hyv\u00e4n harrastuksen pariin.\u00a0Daisyll\u00e4 on kaksi varsaa, Sakari ja Eemeli.<\/p>\n<p>2020 toukokuussa juhlittiin Daisyn 35-vuotisp\u00e4ivi\u00e4!<\/p>\n","protected":false},"excerpt":{"rendered":"<p>Daisy II S. 26.5.1985 Ruotsi i. Galax RS 138 ei. Firth Bracken 120 RS noin 100cm Shetlanninponi Daisy on Simil\u00e4n Ratsutilan kuningatar. Daisy on opettanut lukemattoman m\u00e4\u00e4r\u00e4n ratsastajia hyv\u00e4n harrastuksen pariin.\u00a0Daisyll\u00e4 on kaksi varsaa, Sakari ja Eemeli. 2020 toukokuussa juhlittiin Daisyn 35-vuotisp\u00e4ivi\u00e4!<\/p>\n","protected":false},"author":1,"featured_media":0,"parent":50,"menu_order":3,"comment_status":"closed","ping_status":"closed","template":"","meta":{"footnotes":""},"class_list":["post-63","page","type-page","status-publish","hentry"],"_links":{"self":[{"href":"https:\/\/www.similanratsutila.fi\/index.php?rest_route=\/wp\/v2\/pages\/63","targetHints":{"allow":["GET"]}}],"collection":[{"href":"https:\/\/www.similanratsutila.fi\/index.php?rest_route=\/wp\/v2\/pages"}],"about":[{"href":"https:\/\/www.similanratsutila.fi\/index.php?rest_route=\/wp\/v2\/types\/page"}],"author":[{"embeddable":true,"href":"https:\/\/www.similanratsutila.fi\/index.php?rest_route=\/wp\/v2\/users\/1"}],"replies":[{"embeddable":true,"href":"https:\/\/www.similanratsutila.fi\/index.php?rest_route=%2Fwp%2Fv2%2Fcomments&post=63"}],"version-history":[{"count":5,"href":"https:\/\/www.similanratsutila.fi\/index.php?rest_route=\/wp\/v2\/pages\/63\/revisions"}],"predecessor-version":[{"id":1288,"href":"https:\/\/www.similanratsutila.fi\/index.php?rest_route=\/wp\/v2\/pages\/63\/revisions\/1288"}],"up":[{"embeddable":true,"href":"https:\/\/www.similanratsutila.fi\/index.php?rest_route=\/wp\/v2\/pages\/50"}],"wp:attachment":[{"href":"https:\/\/www.similanratsutila.fi\/index.php?rest_route=%2Fwp%2Fv2%2Fmedia&parent=63"}],"curies":[{"name":"wp","href":"https:\/\/api.w.org\/{rel}","templated":true}]}}