{"id":6,"date":"2013-12-11T12:03:31","date_gmt":"2013-12-11T10:03:31","guid":{"rendered":"http:\/\/simila.mainostoimistomuu.fi\/?page_id=6"},"modified":"2022-01-17T23:59:54","modified_gmt":"2022-01-17T21:59:54","slug":"palvelut","status":"publish","type":"page","link":"https:\/\/www.similanratsutila.fi\/?page_id=6","title":{"rendered":"Ratsastustunnit ja muut palvelut"},"content":{"rendered":"<p><a href=\"http:\/\/www.similanratsutila.fi\/wp-content\/uploads\/2018\/12\/E8D51C4F-5F5A-4C04-B6A8-A7BA8E6297B4.png\"><img loading=\"lazy\" decoding=\"async\" class=\"alignnone size-medium wp-image-895\" src=\"http:\/\/www.similanratsutila.fi\/wp-content\/uploads\/2018\/12\/E8D51C4F-5F5A-4C04-B6A8-A7BA8E6297B4-300x225.png\" alt=\"\" width=\"300\" height=\"225\" srcset=\"https:\/\/www.similanratsutila.fi\/wp-content\/uploads\/2018\/12\/E8D51C4F-5F5A-4C04-B6A8-A7BA8E6297B4-300x225.png 300w, https:\/\/www.similanratsutila.fi\/wp-content\/uploads\/2018\/12\/E8D51C4F-5F5A-4C04-B6A8-A7BA8E6297B4-768x576.png 768w, https:\/\/www.similanratsutila.fi\/wp-content\/uploads\/2018\/12\/E8D51C4F-5F5A-4C04-B6A8-A7BA8E6297B4-1024x768.png 1024w, https:\/\/www.similanratsutila.fi\/wp-content\/uploads\/2018\/12\/E8D51C4F-5F5A-4C04-B6A8-A7BA8E6297B4.png 2048w\" sizes=\"auto, (max-width: 300px) 100vw, 300px\" \/><\/a><\/p>\n<div align=\"left\">El\u00e4myksi\u00e4! Yhdess\u00e4oloa upeiden el\u00e4inten kanssa! Luonnossa liikkuen tai laadukkaasta opetuksesta nauttien kent\u00e4ll\u00e4 tai maneesissa.<\/div>\n<div align=\"left\">\u00a0<\/div>\n<div align=\"left\">Henkil\u00f6kunta on koulutettua ja opetushevoset ovat kokeneita. Tarjoamme ratsastuksen opetusta kaiken ik\u00e4isille, lapsille, nuorille ja aikuisille.<\/div>\n<div align=\"left\">\u00a0<\/div>\n<div align=\"left\">\n<div align=\"left\">Ratsastuksen opetus:<\/div>\n<div align=\"left\">Ratsastuskoulun omilla opetushevosilla ja poneilla keskityt\u00e4\u00e4n kouluratsastukseen. Tarjolla opetusta my\u00f6s yksityistunneilla sek\u00e4 pienryhmiss\u00e4.<\/div>\n<div align=\"left\">Voit osallistua ratsastustunneille my\u00f6s omalla hevosella. Esteopetusta j\u00e4rjestet\u00e4\u00e4n omille hevosille\/poneille.<\/div>\n<div align=\"left\">Opetustunnit ovat s\u00e4\u00e4nn\u00f6llisesti arkisin, viikonloppujen osalta sopimuksen mukaan. Ratsastusryhmi\u00e4 sek\u00e4 yksityis\/pienryhm\u00e4tunteja on my\u00f6s p\u00e4iv\u00e4aikaan ja illalla.<\/div>\n<div align=\"left\">\u00a0<\/div>\n<div align=\"left\">Ratsastuskoulun oppilaat voivat osallistua opetushevosilla\/poneilla kilpailuihin. Ratsastuskoulu j\u00e4rjest\u00e4\u00e4 kuukausittain kilpailuharjoituksia huhtikuusta marraskuuhun. Yhteisty\u00f6seura, Simil\u00e4n ratsastusurheilijat (SiRu) j\u00e4rjest\u00e4\u00e4 1-ja 2- sek\u00e4 3-tason kilpailuja.<\/div>\n<div align=\"left\">\u00a0<\/div>\n<div align=\"left\">Ratsastustunnit varataan Marilta etuk\u00e4teen puhelimitse numerosta 040 573 1978 tai maililla similanratsutila@gmail.com<\/div>\n<p align=\"left\">Varaathan tunnille tullessasi aikaa ratsun harjaamiseen ja satuloimiseen ainakin puoli tuntia. Saman verran aikaa my\u00f6s hevosen hoitoon ratsastuksen j\u00e4lkeen. Tallillamme ei ole erikseen hevosenhoitajia, mutta toki saat apua tarvittaessa.<\/p>\n<p align=\"left\">Ratsastamaan tullessasi pukeudu s\u00e4\u00e4n mukaan. P\u00e4\u00e4ss\u00e4 on aina oltava kyp\u00e4r\u00e4, jota saat tarvittaessa lainata tallilta (tallilta l\u00f6ytyy l\u00e4hes kaikki koot, mutta voit varmistaa sopivuuden ottamalla mukaasi huivin, pipon tms). Jalkaan laita saappaat tai nilkkurit, lenkkarit eiv\u00e4t ratsastukseen sovi. K\u00e4sineet tulee my\u00f6s olla.<\/p>\n<p align=\"left\">Muita palveluja:<\/p>\n<ul>\n<li>sosialipedagoginen hevostoiminta<\/li>\n<li>tilojen vuokrausta esim valmennuksiin ja kisoihin ym tapahtumiin<\/li>\n<li>\u00a0ratsastuksenopetusta omalla tallillasi<\/li>\n<li>\u00a0hevosen majoitus: lomasi ajaksi sek\u00e4 kilpailut ja valmennukset<\/li>\n<li>\u00a0hevosen kouluttaminen; ratsuopetus, ajo-opetus, irtohypytys, ravurista ratsuksi<\/li>\n<li>\u00a0hevosen kilpailuttaminen<\/li>\n<li>\u00a0ratsastuksenopettajan tuuraukset\/lomitukset<\/li>\n<li>\u00a0ty\u00f6porukat, seurat, polttarit, pikkujoulut<\/li>\n<li>syntt\u00e4rit tallilla<\/li>\n<li>\u00a0tapahtumiin esim syntym\u00e4p\u00e4iv\u00e4t hevostalutus<\/li>\n<\/ul>\n<div align=\"left\"><strong>HUOM!<\/strong><\/div>\n<p align=\"left\">Meill\u00e4 k\u00e4yv\u00e4t maksuv\u00e4linein\u00e4 my\u00f6s Ticket, Sportti-, Tyky-ja Smartumliikuntasetelit! 10-kortit on k\u00e4ytett\u00e4v\u00e4 12 vk (3 kk) aikana, 5 kerran kortit on k\u00e4ytett\u00e4v\u00e4 6 viikon (1,5 kk) aikana. Mik\u00e4li 10-kortti tai kuitti suoritetusta maksusta ei ole mukana, suoritetaan maksu k\u00e4teisell\u00e4.<\/p>\n<p align=\"left\"><strong>Maksut etuk\u00e4teen Simil\u00e4n Ratsutilan tilille:<\/strong><br \/>IBAN: FI7910013500048070 BIC: NDEAFIHH<\/p>\n<p align=\"left\"><strong>HUOMIO!<\/strong><br \/>Ratsastustunnit on peruttava kaksi (2) p\u00e4iv\u00e4\u00e4 aikaisemmin, peruuttamattomista tunneista perit\u00e4\u00e4n normaali tuntimaksu. Peruutukset joko tekstiviestill\u00e4 tai soittamalla numeroon 040 573 1978 \/ Mari.<\/p>\n<p align=\"left\">Ulkopuolisia kouluvalmentajia k\u00e4y Simil\u00e4n Ratsutilalla sovitusti, esim Nina Dunder, Pilvi Tuominen<\/p>\n<p align=\"left\">tiedustelut Marilta, p.\u00a0040 573 1978.<\/p>\n<\/div>\n<div align=\"left\">\u00a0<\/div>\n<div align=\"left\">\u00a0<\/div>\n<div align=\"left\">\u00a0<\/div>\n<div align=\"left\"><a href=\"http:\/\/www.similanratsutila.fi\/wp-content\/uploads\/2013\/12\/image4-e1412074676765.jpg\"><img loading=\"lazy\" decoding=\"async\" class=\"alignleft size-medium wp-image-214\" src=\"http:\/\/www.similanratsutila.fi\/wp-content\/uploads\/2013\/12\/image4-e1412074676765-300x224.jpg\" alt=\"image\" width=\"300\" height=\"224\" srcset=\"https:\/\/www.similanratsutila.fi\/wp-content\/uploads\/2013\/12\/image4-e1412074676765-300x224.jpg 300w, https:\/\/www.similanratsutila.fi\/wp-content\/uploads\/2013\/12\/image4-e1412074676765-1024x764.jpg 1024w\" sizes=\"auto, (max-width: 300px) 100vw, 300px\" \/><\/a><\/div>\n<div align=\"left\">\u00a0<\/div>\n<div align=\"left\">\u00a0<\/div>\n<div align=\"left\">\u00a0<\/div>\n<div align=\"left\">\u00a0<\/div>\n<div align=\"left\">\u00a0<\/div>\n<div align=\"left\">\u00a0<\/div>\n<div align=\"left\">\u00a0<\/div>\n<div align=\"left\">\u00a0<\/div>\n<div align=\"left\">\u00a0<\/div>\n<div align=\"left\">\u00a0<\/div>\n<div align=\"left\">\u00a0<\/div>\n<div align=\"left\">\u00a0<\/div>\n<div align=\"left\">\u00a0<\/div>\n<div align=\"left\">\u00a0<\/div>\n<div align=\"left\">\u00a0<\/div>\n<div align=\"left\">\u00a0<\/div>\n<div align=\"left\">\u00a0<\/div>\n<div align=\"left\">\u00a0<\/div>\n<div align=\"left\">\u00a0<\/div>\n<div align=\"left\">\u00a0<\/div>\n\n\n<figure class=\"wp-block-image size-full\"><a href=\"https:\/\/www.similanratsutila.fi\/wp-content\/uploads\/2022\/01\/D85789C1-1D59-4AC6-A0C2-9901473AEEFB.jpeg\"><img loading=\"lazy\" decoding=\"async\" width=\"750\" height=\"563\" src=\"https:\/\/www.similanratsutila.fi\/wp-content\/uploads\/2022\/01\/D85789C1-1D59-4AC6-A0C2-9901473AEEFB.jpeg\" alt=\"\" class=\"wp-image-1096\" srcset=\"https:\/\/www.similanratsutila.fi\/wp-content\/uploads\/2022\/01\/D85789C1-1D59-4AC6-A0C2-9901473AEEFB.jpeg 750w, https:\/\/www.similanratsutila.fi\/wp-content\/uploads\/2022\/01\/D85789C1-1D59-4AC6-A0C2-9901473AEEFB-300x225.jpeg 300w\" sizes=\"auto, (max-width: 750px) 100vw, 750px\" \/><\/a><\/figure>\n\n\n\n<figure class=\"wp-block-image size-full\"><a href=\"https:\/\/www.similanratsutila.fi\/wp-content\/uploads\/2022\/01\/52E406EA-234D-4795-B5DF-BC31A9DE76C5.jpeg\"><img loading=\"lazy\" decoding=\"async\" width=\"560\" height=\"750\" src=\"https:\/\/www.similanratsutila.fi\/wp-content\/uploads\/2022\/01\/52E406EA-234D-4795-B5DF-BC31A9DE76C5.jpeg\" alt=\"\" class=\"wp-image-1199\" srcset=\"https:\/\/www.similanratsutila.fi\/wp-content\/uploads\/2022\/01\/52E406EA-234D-4795-B5DF-BC31A9DE76C5.jpeg 560w, https:\/\/www.similanratsutila.fi\/wp-content\/uploads\/2022\/01\/52E406EA-234D-4795-B5DF-BC31A9DE76C5-224x300.jpeg 224w\" sizes=\"auto, (max-width: 560px) 100vw, 560px\" \/><\/a><\/figure>\n\n\n\n<figure class=\"wp-block-image size-full\"><a href=\"https:\/\/www.similanratsutila.fi\/wp-content\/uploads\/2022\/01\/18373BCF-965A-4CF3-8451-74ED6734AD20.jpeg\"><img loading=\"lazy\" decoding=\"async\" width=\"896\" height=\"274\" src=\"https:\/\/www.similanratsutila.fi\/wp-content\/uploads\/2022\/01\/18373BCF-965A-4CF3-8451-74ED6734AD20.jpeg\" alt=\"\" class=\"wp-image-1191\" srcset=\"https:\/\/www.similanratsutila.fi\/wp-content\/uploads\/2022\/01\/18373BCF-965A-4CF3-8451-74ED6734AD20.jpeg 896w, https:\/\/www.similanratsutila.fi\/wp-content\/uploads\/2022\/01\/18373BCF-965A-4CF3-8451-74ED6734AD20-300x92.jpeg 300w, https:\/\/www.similanratsutila.fi\/wp-content\/uploads\/2022\/01\/18373BCF-965A-4CF3-8451-74ED6734AD20-768x235.jpeg 768w\" sizes=\"auto, (max-width: 896px) 100vw, 896px\" \/><\/a><\/figure>\n\n\n\n<figure class=\"wp-block-image size-full\"><a href=\"https:\/\/www.similanratsutila.fi\/wp-content\/uploads\/2022\/01\/09694CF5-5D06-4C1C-9B1F-60335C9F0A40.jpeg\"><img loading=\"lazy\" decoding=\"async\" width=\"868\" height=\"386\" src=\"https:\/\/www.similanratsutila.fi\/wp-content\/uploads\/2022\/01\/09694CF5-5D06-4C1C-9B1F-60335C9F0A40.jpeg\" alt=\"\" class=\"wp-image-1185\" srcset=\"https:\/\/www.similanratsutila.fi\/wp-content\/uploads\/2022\/01\/09694CF5-5D06-4C1C-9B1F-60335C9F0A40.jpeg 868w, https:\/\/www.similanratsutila.fi\/wp-content\/uploads\/2022\/01\/09694CF5-5D06-4C1C-9B1F-60335C9F0A40-300x133.jpeg 300w, https:\/\/www.similanratsutila.fi\/wp-content\/uploads\/2022\/01\/09694CF5-5D06-4C1C-9B1F-60335C9F0A40-768x342.jpeg 768w\" sizes=\"auto, (max-width: 868px) 100vw, 868px\" \/><\/a><\/figure>\n","protected":false},"excerpt":{"rendered":"<p>El\u00e4myksi\u00e4! Yhdess\u00e4oloa upeiden el\u00e4inten kanssa! Luonnossa liikkuen tai laadukkaasta opetuksesta nauttien kent\u00e4ll\u00e4 tai maneesissa. \u00a0 Henkil\u00f6kunta on koulutettua ja opetushevoset ovat kokeneita. Tarjoamme ratsastuksen opetusta kaiken ik\u00e4isille, lapsille, nuorille ja aikuisille. \u00a0 Ratsastuksen opetus: Ratsastuskoulun omilla opetushevosilla ja poneilla keskityt\u00e4\u00e4n kouluratsastukseen. Tarjolla opetusta my\u00f6s yksityistunneilla sek\u00e4 pienryhmiss\u00e4. Voit osallistua ratsastustunneille my\u00f6s omalla hevosella. Esteopetusta j\u00e4rjestet\u00e4\u00e4n [&hellip;]<\/p>\n","protected":false},"author":1,"featured_media":0,"parent":0,"menu_order":2,"comment_status":"closed","ping_status":"closed","template":"","meta":{"footnotes":""},"class_list":["post-6","page","type-page","status-publish","hentry"],"_links":{"self":[{"href":"https:\/\/www.similanratsutila.fi\/index.php?rest_route=\/wp\/v2\/pages\/6","targetHints":{"allow":["GET"]}}],"collection":[{"href":"https:\/\/www.similanratsutila.fi\/index.php?rest_route=\/wp\/v2\/pages"}],"about":[{"href":"https:\/\/www.similanratsutila.fi\/index.php?rest_route=\/wp\/v2\/types\/page"}],"author":[{"embeddable":true,"href":"https:\/\/www.similanratsutila.fi\/index.php?rest_route=\/wp\/v2\/users\/1"}],"replies":[{"embeddable":true,"href":"https:\/\/www.similanratsutila.fi\/index.php?rest_route=%2Fwp%2Fv2%2Fcomments&post=6"}],"version-history":[{"count":5,"href":"https:\/\/www.similanratsutila.fi\/index.php?rest_route=\/wp\/v2\/pages\/6\/revisions"}],"predecessor-version":[{"id":1217,"href":"https:\/\/www.similanratsutila.fi\/index.php?rest_route=\/wp\/v2\/pages\/6\/revisions\/1217"}],"wp:attachment":[{"href":"https:\/\/www.similanratsutila.fi\/index.php?rest_route=%2Fwp%2Fv2%2Fmedia&parent=6"}],"curies":[{"name":"wp","href":"https:\/\/api.w.org\/{rel}","templated":true}]}}