{"id":529,"date":"2016-10-04T23:03:52","date_gmt":"2016-10-04T20:03:52","guid":{"rendered":"http:\/\/www.similanratsutila.fi\/?page_id=529"},"modified":"2022-01-31T15:46:24","modified_gmt":"2022-01-31T13:46:24","slug":"kukka","status":"publish","type":"page","link":"https:\/\/www.similanratsutila.fi\/?page_id=529","title":{"rendered":"Kukka"},"content":{"rendered":"<p>Camillan Kukka<\/p>\n<p>synt 22.07.2006<\/p>\n<p>e Peeda<\/p>\n<p>i Tasamasa<\/p>\n<p>n 150cm<\/p>\n<p>Kukka on reipas, rohkea ja luotettava ja tekee aina parhaansa. Kukka on luotettava hevonen my\u00f6s erilaisissa tapahtumissa, esim Hein\u00e4messuilla ja Mansikissa. Kukka ei pelk\u00e4\u00e4 oikeastaan mit\u00e4\u00e4n.<\/p>\n<p>Kukka on koulutettu HeA tasolle. Vastalaukka kaarteissa vaatii ratsastajalta kokemusta<\/p>\n<p>Hoitaessa Kukka toivoo sinulta rauhallisuutta. Kun olet itse rauhallinen, my\u00f6s Kukka rentoutuu hoitotilanteessa.<\/p>\n<p>Kukka on kantavana orista Jutun Aihe<\/p>\n\n\n<figure class=\"wp-block-image size-full\"><a href=\"https:\/\/www.similanratsutila.fi\/wp-content\/uploads\/2022\/01\/A068CD4E-C7D2-48F9-B886-70F8DA26F389.jpeg\"><img loading=\"lazy\" decoding=\"async\" width=\"810\" height=\"841\" src=\"https:\/\/www.similanratsutila.fi\/wp-content\/uploads\/2022\/01\/A068CD4E-C7D2-48F9-B886-70F8DA26F389.jpeg\" alt=\"\" class=\"wp-image-1180\" srcset=\"https:\/\/www.similanratsutila.fi\/wp-content\/uploads\/2022\/01\/A068CD4E-C7D2-48F9-B886-70F8DA26F389.jpeg 810w, https:\/\/www.similanratsutila.fi\/wp-content\/uploads\/2022\/01\/A068CD4E-C7D2-48F9-B886-70F8DA26F389-289x300.jpeg 289w, https:\/\/www.similanratsutila.fi\/wp-content\/uploads\/2022\/01\/A068CD4E-C7D2-48F9-B886-70F8DA26F389-768x797.jpeg 768w\" sizes=\"auto, (max-width: 810px) 100vw, 810px\" \/><\/a><\/figure>\n\n\n\n<figure class=\"wp-block-image size-full\"><a href=\"https:\/\/www.similanratsutila.fi\/wp-content\/uploads\/2022\/01\/E0C78891-C1A0-484A-81DD-9DFD2B1045F3.jpeg\"><img loading=\"lazy\" decoding=\"async\" width=\"675\" height=\"889\" src=\"https:\/\/www.similanratsutila.fi\/wp-content\/uploads\/2022\/01\/E0C78891-C1A0-484A-81DD-9DFD2B1045F3.jpeg\" alt=\"\" class=\"wp-image-1172\" srcset=\"https:\/\/www.similanratsutila.fi\/wp-content\/uploads\/2022\/01\/E0C78891-C1A0-484A-81DD-9DFD2B1045F3.jpeg 675w, https:\/\/www.similanratsutila.fi\/wp-content\/uploads\/2022\/01\/E0C78891-C1A0-484A-81DD-9DFD2B1045F3-228x300.jpeg 228w\" sizes=\"auto, (max-width: 675px) 100vw, 675px\" \/><\/a><\/figure>\n\n\n\n<figure class=\"wp-block-image size-full\"><a href=\"https:\/\/www.similanratsutila.fi\/wp-content\/uploads\/2022\/01\/439B9B96-2495-4A43-9615-C00056A35730.jpeg\"><img loading=\"lazy\" decoding=\"async\" width=\"877\" height=\"596\" src=\"https:\/\/www.similanratsutila.fi\/wp-content\/uploads\/2022\/01\/439B9B96-2495-4A43-9615-C00056A35730.jpeg\" alt=\"\" class=\"wp-image-1166\" srcset=\"https:\/\/www.similanratsutila.fi\/wp-content\/uploads\/2022\/01\/439B9B96-2495-4A43-9615-C00056A35730.jpeg 877w, https:\/\/www.similanratsutila.fi\/wp-content\/uploads\/2022\/01\/439B9B96-2495-4A43-9615-C00056A35730-300x204.jpeg 300w, https:\/\/www.similanratsutila.fi\/wp-content\/uploads\/2022\/01\/439B9B96-2495-4A43-9615-C00056A35730-768x522.jpeg 768w\" sizes=\"auto, (max-width: 877px) 100vw, 877px\" \/><\/a><\/figure>\n","protected":false},"excerpt":{"rendered":"<p>Camillan Kukka synt 22.07.2006 e Peeda i Tasamasa n 150cm Kukka on reipas, rohkea ja luotettava ja tekee aina parhaansa. Kukka on luotettava hevonen my\u00f6s erilaisissa tapahtumissa, esim Hein\u00e4messuilla ja Mansikissa. Kukka ei pelk\u00e4\u00e4 oikeastaan mit\u00e4\u00e4n. Kukka on koulutettu HeA tasolle. Vastalaukka kaarteissa vaatii ratsastajalta kokemusta Hoitaessa Kukka toivoo sinulta rauhallisuutta. Kun olet itse rauhallinen, [&hellip;]<\/p>\n","protected":false},"author":2,"featured_media":0,"parent":31,"menu_order":0,"comment_status":"closed","ping_status":"closed","template":"","meta":{"footnotes":""},"class_list":["post-529","page","type-page","status-publish","hentry"],"_links":{"self":[{"href":"https:\/\/www.similanratsutila.fi\/index.php?rest_route=\/wp\/v2\/pages\/529","targetHints":{"allow":["GET"]}}],"collection":[{"href":"https:\/\/www.similanratsutila.fi\/index.php?rest_route=\/wp\/v2\/pages"}],"about":[{"href":"https:\/\/www.similanratsutila.fi\/index.php?rest_route=\/wp\/v2\/types\/page"}],"author":[{"embeddable":true,"href":"https:\/\/www.similanratsutila.fi\/index.php?rest_route=\/wp\/v2\/users\/2"}],"replies":[{"embeddable":true,"href":"https:\/\/www.similanratsutila.fi\/index.php?rest_route=%2Fwp%2Fv2%2Fcomments&post=529"}],"version-history":[{"count":5,"href":"https:\/\/www.similanratsutila.fi\/index.php?rest_route=\/wp\/v2\/pages\/529\/revisions"}],"predecessor-version":[{"id":1320,"href":"https:\/\/www.similanratsutila.fi\/index.php?rest_route=\/wp\/v2\/pages\/529\/revisions\/1320"}],"up":[{"embeddable":true,"href":"https:\/\/www.similanratsutila.fi\/index.php?rest_route=\/wp\/v2\/pages\/31"}],"wp:attachment":[{"href":"https:\/\/www.similanratsutila.fi\/index.php?rest_route=%2Fwp%2Fv2%2Fmedia&parent=529"}],"curies":[{"name":"wp","href":"https:\/\/api.w.org\/{rel}","templated":true}]}}