{"id":47,"date":"2013-12-11T14:17:46","date_gmt":"2013-12-11T12:17:46","guid":{"rendered":"http:\/\/simila.mainostoimistomuu.fi\/?page_id=47"},"modified":"2022-01-31T15:35:08","modified_gmt":"2022-01-31T13:35:08","slug":"jone","status":"publish","type":"page","link":"https:\/\/www.similanratsutila.fi\/?page_id=47","title":{"rendered":"Jone"},"content":{"rendered":"<p><a href=\"http:\/\/www.similanratsutila.fi\/wp-content\/uploads\/2013\/12\/IMG_1394.jpg\" rel=\"attachment wp-att-591\"><img loading=\"lazy\" decoding=\"async\" class=\"size-medium wp-image-591 alignleft\" src=\"http:\/\/www.similanratsutila.fi\/wp-content\/uploads\/2013\/12\/IMG_1394-200x300.jpg\" alt=\"IMG_1394\" width=\"200\" height=\"300\" srcset=\"https:\/\/www.similanratsutila.fi\/wp-content\/uploads\/2013\/12\/IMG_1394-200x300.jpg 200w, https:\/\/www.similanratsutila.fi\/wp-content\/uploads\/2013\/12\/IMG_1394.jpg 534w\" sizes=\"auto, (max-width: 200px) 100vw, 200px\" \/><\/a><\/p>\n<p>Jolly Jones<\/p>\n<p>S. 2004<\/p>\n<p>i Ljosprins<br \/>e Indiana Jane<\/p>\n<p>148cm<\/p>\n<p>Jone on eritt\u00e4in kiltti hoitaa ja pehme\u00e4 ratsastaa. Jonen liikkeiss\u00e4 on eritt\u00e4in helppo istua.<\/p>\n<p>Yll\u00e4tt\u00e4v\u00e4t rapinat saattavat maneesikaudella olla pelottavia, onhan Jonen veress\u00e4 puolet &#8221;alkukantaista&#8221; vuonohevosta, viikinkien ajoilta nykyp\u00e4iviin. Jonelle laitetaan ratsastukseen korvatulpat+huppu<\/p>\n<p>Jone on todella kiltti hoitaa, mutta voi huolestua jos tallissa ei n\u00e4e muita.\u00a0\u00a0<\/p>\n<p>Jone on kilpaillut kansallisella tasolla He A:ta.<\/p>\n\n\n<figure class=\"wp-block-image size-full\"><a href=\"https:\/\/www.similanratsutila.fi\/wp-content\/uploads\/2022\/01\/DC4D8570-B834-4854-AE09-80E2864FE172.jpeg\"><img loading=\"lazy\" decoding=\"async\" width=\"798\" height=\"855\" src=\"https:\/\/www.similanratsutila.fi\/wp-content\/uploads\/2022\/01\/DC4D8570-B834-4854-AE09-80E2864FE172.jpeg\" alt=\"\" class=\"wp-image-1184\" srcset=\"https:\/\/www.similanratsutila.fi\/wp-content\/uploads\/2022\/01\/DC4D8570-B834-4854-AE09-80E2864FE172.jpeg 798w, https:\/\/www.similanratsutila.fi\/wp-content\/uploads\/2022\/01\/DC4D8570-B834-4854-AE09-80E2864FE172-280x300.jpeg 280w, https:\/\/www.similanratsutila.fi\/wp-content\/uploads\/2022\/01\/DC4D8570-B834-4854-AE09-80E2864FE172-768x823.jpeg 768w\" sizes=\"auto, (max-width: 798px) 100vw, 798px\" \/><\/a><\/figure>\n","protected":false},"excerpt":{"rendered":"<p>Jolly Jones S. 2004 i Ljosprinse Indiana Jane 148cm Jone on eritt\u00e4in kiltti hoitaa ja pehme\u00e4 ratsastaa. Jonen liikkeiss\u00e4 on eritt\u00e4in helppo istua. Yll\u00e4tt\u00e4v\u00e4t rapinat saattavat maneesikaudella olla pelottavia, onhan Jonen veress\u00e4 puolet &#8221;alkukantaista&#8221; vuonohevosta, viikinkien ajoilta nykyp\u00e4iviin. Jonelle laitetaan ratsastukseen korvatulpat+huppu Jone on todella kiltti hoitaa, mutta voi huolestua jos tallissa ei n\u00e4e muita.\u00a0\u00a0 [&hellip;]<\/p>\n","protected":false},"author":1,"featured_media":0,"parent":31,"menu_order":4,"comment_status":"closed","ping_status":"closed","template":"","meta":{"footnotes":""},"class_list":["post-47","page","type-page","status-publish","hentry"],"_links":{"self":[{"href":"https:\/\/www.similanratsutila.fi\/index.php?rest_route=\/wp\/v2\/pages\/47","targetHints":{"allow":["GET"]}}],"collection":[{"href":"https:\/\/www.similanratsutila.fi\/index.php?rest_route=\/wp\/v2\/pages"}],"about":[{"href":"https:\/\/www.similanratsutila.fi\/index.php?rest_route=\/wp\/v2\/types\/page"}],"author":[{"embeddable":true,"href":"https:\/\/www.similanratsutila.fi\/index.php?rest_route=\/wp\/v2\/users\/1"}],"replies":[{"embeddable":true,"href":"https:\/\/www.similanratsutila.fi\/index.php?rest_route=%2Fwp%2Fv2%2Fcomments&post=47"}],"version-history":[{"count":5,"href":"https:\/\/www.similanratsutila.fi\/index.php?rest_route=\/wp\/v2\/pages\/47\/revisions"}],"predecessor-version":[{"id":1310,"href":"https:\/\/www.similanratsutila.fi\/index.php?rest_route=\/wp\/v2\/pages\/47\/revisions\/1310"}],"up":[{"embeddable":true,"href":"https:\/\/www.similanratsutila.fi\/index.php?rest_route=\/wp\/v2\/pages\/31"}],"wp:attachment":[{"href":"https:\/\/www.similanratsutila.fi\/index.php?rest_route=%2Fwp%2Fv2%2Fmedia&parent=47"}],"curies":[{"name":"wp","href":"https:\/\/api.w.org\/{rel}","templated":true}]}}