{"id":449,"date":"2015-09-08T15:09:09","date_gmt":"2015-09-08T12:09:09","guid":{"rendered":"http:\/\/www.similanratsutila.fi\/?page_id=449"},"modified":"2025-01-13T12:33:53","modified_gmt":"2025-01-13T10:33:53","slug":"painorajat-2","status":"publish","type":"page","link":"https:\/\/www.similanratsutila.fi\/?page_id=449","title":{"rendered":"Painorajat"},"content":{"rendered":"<p>Suomen Ratsastajainliiton suosituksesta, sek\u00e4 opetushevostemme terveyden ja hyvinvoinnin takaamiseksi sek\u00e4 satuloiden kunnon takaamiseksi k\u00e4ytt\u00f6ss\u00e4mme on hevoskohtaiset painorajat.<\/p>\n<p>Pyyd\u00e4mme teit\u00e4 huomioimaan, ett\u00e4 alla mainitut painorajat ovat suuntaa antavia eik\u00e4 tarkoita sit\u00e4, ett\u00e4 mahdollisen painorajan ylittyess\u00e4 ratsastus t\u00e4ytyy lopettaa, vaan kaikki asiakkaamme voivat jatkaa tunneillamme kuten t\u00e4h\u00e4nkin asti. Ratkaisevaa ei ole pelk\u00e4st\u00e4\u00e4n kilom\u00e4\u00e4r\u00e4, vaan t\u00e4rkeimpi\u00e4 vaikuttavia tekij\u00f6it\u00e4 ovat mm. ratsastustaito, kehonhallinta sek\u00e4 ratsastustunnin rasittavuus\/tehokkuus. N\u00e4m\u00e4 asiat huomioidaan hevosjaoissa sek\u00e4 tunneilla teht\u00e4v\u00e4nannoissa: tarvittaessa esim. ty\u00f6skentely k\u00e4ynniss\u00e4 ja kevyess\u00e4 ravissa. Mik\u00e4li sinulla on mit\u00e4 tahansa kysytt\u00e4v\u00e4\u00e4 painorajoistamme, tule rohkeasti juttelemaan Marin kanssa.<\/p>\n<p>45 Pentti Ville<\/p>\n<p>50 Dino<\/p>\n<p>65 Jone Kukka Certtu<\/p>\n<p>75 Terttu Tarmo<\/p>\n<p>85 Valto<\/p>\n<p>95 Anssi Kusti Lempi<\/p>\n","protected":false},"excerpt":{"rendered":"<p>Suomen Ratsastajainliiton suosituksesta, sek\u00e4 opetushevostemme terveyden ja hyvinvoinnin takaamiseksi sek\u00e4 satuloiden kunnon takaamiseksi k\u00e4ytt\u00f6ss\u00e4mme on hevoskohtaiset painorajat. Pyyd\u00e4mme teit\u00e4 huomioimaan, ett\u00e4 alla mainitut painorajat ovat suuntaa antavia eik\u00e4 tarkoita sit\u00e4, ett\u00e4 mahdollisen painorajan ylittyess\u00e4 ratsastus t\u00e4ytyy lopettaa, vaan kaikki asiakkaamme voivat jatkaa tunneillamme kuten t\u00e4h\u00e4nkin asti. Ratkaisevaa ei ole pelk\u00e4st\u00e4\u00e4n kilom\u00e4\u00e4r\u00e4, vaan t\u00e4rkeimpi\u00e4 vaikuttavia tekij\u00f6it\u00e4 [&hellip;]<\/p>\n","protected":false},"author":1,"featured_media":0,"parent":0,"menu_order":10,"comment_status":"closed","ping_status":"open","template":"","meta":{"footnotes":""},"class_list":["post-449","page","type-page","status-publish","hentry"],"_links":{"self":[{"href":"https:\/\/www.similanratsutila.fi\/index.php?rest_route=\/wp\/v2\/pages\/449","targetHints":{"allow":["GET"]}}],"collection":[{"href":"https:\/\/www.similanratsutila.fi\/index.php?rest_route=\/wp\/v2\/pages"}],"about":[{"href":"https:\/\/www.similanratsutila.fi\/index.php?rest_route=\/wp\/v2\/types\/page"}],"author":[{"embeddable":true,"href":"https:\/\/www.similanratsutila.fi\/index.php?rest_route=\/wp\/v2\/users\/1"}],"replies":[{"embeddable":true,"href":"https:\/\/www.similanratsutila.fi\/index.php?rest_route=%2Fwp%2Fv2%2Fcomments&post=449"}],"version-history":[{"count":6,"href":"https:\/\/www.similanratsutila.fi\/index.php?rest_route=\/wp\/v2\/pages\/449\/revisions"}],"predecessor-version":[{"id":1482,"href":"https:\/\/www.similanratsutila.fi\/index.php?rest_route=\/wp\/v2\/pages\/449\/revisions\/1482"}],"wp:attachment":[{"href":"https:\/\/www.similanratsutila.fi\/index.php?rest_route=%2Fwp%2Fv2%2Fmedia&parent=449"}],"curies":[{"name":"wp","href":"https:\/\/api.w.org\/{rel}","templated":true}]}}