{"id":233,"date":"2014-10-01T00:45:08","date_gmt":"2014-09-30T21:45:08","guid":{"rendered":"http:\/\/simila.mainostoimistomuu.fi\/?page_id=233"},"modified":"2022-01-18T01:04:47","modified_gmt":"2022-01-17T23:04:47","slug":"varusteiden-huoltoodotelutila","status":"publish","type":"page","link":"https:\/\/www.similanratsutila.fi\/?page_id=233","title":{"rendered":"Varusteiden huolto\/odottelutila"},"content":{"rendered":"<p><a href=\"http:\/\/www.similanratsutila.fi\/wp-content\/uploads\/2013\/12\/image2-e1412074218459.jpg\"><img loading=\"lazy\" decoding=\"async\" class=\"alignleft size-medium wp-image-211\" src=\"http:\/\/www.similanratsutila.fi\/wp-content\/uploads\/2013\/12\/image2-e1412074218459-224x300.jpg\" alt=\"image\" width=\"224\" height=\"300\" srcset=\"https:\/\/www.similanratsutila.fi\/wp-content\/uploads\/2013\/12\/image2-e1412074218459-224x300.jpg 224w, https:\/\/www.similanratsutila.fi\/wp-content\/uploads\/2013\/12\/image2-e1412074218459-764x1024.jpg 764w, https:\/\/www.similanratsutila.fi\/wp-content\/uploads\/2013\/12\/image2-e1412074218459.jpg 1936w\" sizes=\"auto, (max-width: 224px) 100vw, 224px\" \/><\/a><a href=\"http:\/\/www.similanratsutila.fi\/wp-content\/uploads\/2013\/12\/image5-e1412075074434.jpg\"><img loading=\"lazy\" decoding=\"async\" class=\"alignleft size-medium wp-image-215\" src=\"http:\/\/www.similanratsutila.fi\/wp-content\/uploads\/2013\/12\/image5-e1412075074434-224x300.jpg\" alt=\"image\" width=\"224\" height=\"300\" srcset=\"https:\/\/www.similanratsutila.fi\/wp-content\/uploads\/2013\/12\/image5-e1412075074434-224x300.jpg 224w, https:\/\/www.similanratsutila.fi\/wp-content\/uploads\/2013\/12\/image5-e1412075074434-764x1024.jpg 764w, https:\/\/www.similanratsutila.fi\/wp-content\/uploads\/2013\/12\/image5-e1412075074434.jpg 1936w\" sizes=\"auto, (max-width: 224px) 100vw, 224px\" \/><\/a><\/p>\n<p>&nbsp;<\/p>\n<p>Voit istahtaa puhdistamaan varusteita tai odotella esim kyyti\u00e4. Tallirakennuksessa erikseen my\u00f6s tilat ev\u00e4iden sy\u00f6miseen.<\/p>\n<p>&nbsp;<\/p>\n<p>&nbsp;<\/p>\n\n\n<figure class=\"wp-block-image size-full\"><a href=\"https:\/\/www.similanratsutila.fi\/wp-content\/uploads\/2022\/01\/3BFB7D7F-C466-484B-998A-E72449793B0D.jpeg\"><img loading=\"lazy\" decoding=\"async\" width=\"944\" height=\"701\" src=\"https:\/\/www.similanratsutila.fi\/wp-content\/uploads\/2022\/01\/3BFB7D7F-C466-484B-998A-E72449793B0D.jpeg\" alt=\"\" class=\"wp-image-1214\" srcset=\"https:\/\/www.similanratsutila.fi\/wp-content\/uploads\/2022\/01\/3BFB7D7F-C466-484B-998A-E72449793B0D.jpeg 944w, https:\/\/www.similanratsutila.fi\/wp-content\/uploads\/2022\/01\/3BFB7D7F-C466-484B-998A-E72449793B0D-300x223.jpeg 300w, https:\/\/www.similanratsutila.fi\/wp-content\/uploads\/2022\/01\/3BFB7D7F-C466-484B-998A-E72449793B0D-768x570.jpeg 768w\" sizes=\"auto, (max-width: 944px) 100vw, 944px\" \/><\/a><\/figure>\n\n\n","protected":false},"excerpt":{"rendered":"<p>&nbsp; Voit istahtaa puhdistamaan varusteita tai odotella esim kyyti\u00e4. Tallirakennuksessa erikseen my\u00f6s tilat ev\u00e4iden sy\u00f6miseen. &nbsp; &nbsp;<\/p>\n","protected":false},"author":1,"featured_media":0,"parent":220,"menu_order":5,"comment_status":"closed","ping_status":"open","template":"","meta":{"footnotes":""},"class_list":["post-233","page","type-page","status-publish","hentry"],"_links":{"self":[{"href":"https:\/\/www.similanratsutila.fi\/index.php?rest_route=\/wp\/v2\/pages\/233","targetHints":{"allow":["GET"]}}],"collection":[{"href":"https:\/\/www.similanratsutila.fi\/index.php?rest_route=\/wp\/v2\/pages"}],"about":[{"href":"https:\/\/www.similanratsutila.fi\/index.php?rest_route=\/wp\/v2\/types\/page"}],"author":[{"embeddable":true,"href":"https:\/\/www.similanratsutila.fi\/index.php?rest_route=\/wp\/v2\/users\/1"}],"replies":[{"embeddable":true,"href":"https:\/\/www.similanratsutila.fi\/index.php?rest_route=%2Fwp%2Fv2%2Fcomments&post=233"}],"version-history":[{"count":4,"href":"https:\/\/www.similanratsutila.fi\/index.php?rest_route=\/wp\/v2\/pages\/233\/revisions"}],"predecessor-version":[{"id":1253,"href":"https:\/\/www.similanratsutila.fi\/index.php?rest_route=\/wp\/v2\/pages\/233\/revisions\/1253"}],"up":[{"embeddable":true,"href":"https:\/\/www.similanratsutila.fi\/index.php?rest_route=\/wp\/v2\/pages\/220"}],"wp:attachment":[{"href":"https:\/\/www.similanratsutila.fi\/index.php?rest_route=%2Fwp%2Fv2%2Fmedia&parent=233"}],"curies":[{"name":"wp","href":"https:\/\/api.w.org\/{rel}","templated":true}]}}