{"id":228,"date":"2014-10-01T23:53:41","date_gmt":"2014-10-01T20:53:41","guid":{"rendered":"http:\/\/simila.mainostoimistomuu.fi\/?page_id=228"},"modified":"2022-01-27T00:02:40","modified_gmt":"2022-01-26T22:02:40","slug":"maastoreitteja","status":"publish","type":"page","link":"https:\/\/www.similanratsutila.fi\/?page_id=228","title":{"rendered":"Maastoreittej\u00e4"},"content":{"rendered":"<p><a href=\"http:\/\/www.similanratsutila.fi\/wp-content\/uploads\/2014\/10\/image9.jpg\"><img loading=\"lazy\" decoding=\"async\" class=\"alignleft size-medium wp-image-315\" src=\"http:\/\/www.similanratsutila.fi\/wp-content\/uploads\/2014\/10\/image9-300x300.jpg\" alt=\"image\" width=\"300\" height=\"300\" srcset=\"https:\/\/www.similanratsutila.fi\/wp-content\/uploads\/2014\/10\/image9-300x300.jpg 300w, https:\/\/www.similanratsutila.fi\/wp-content\/uploads\/2014\/10\/image9-150x150.jpg 150w, https:\/\/www.similanratsutila.fi\/wp-content\/uploads\/2014\/10\/image9-1022x1024.jpg 1022w, https:\/\/www.similanratsutila.fi\/wp-content\/uploads\/2014\/10\/image9.jpg 1936w\" sizes=\"auto, (max-width: 300px) 100vw, 300px\" \/><\/a>Reittej\u00e4 Pyh\u00e4j\u00e4rven rantaan asti. Voit valita erireittej\u00e4:<\/p>\n<p>m\u00f6kkiteit\u00e4, ratsastuslenkin hakepohjalla tai mets\u00e4polkuja<\/p>\n<p>&nbsp;<\/p>\n<p>&nbsp;<\/p>\n<p>&nbsp;<\/p>\n<p>&nbsp;<\/p>\n<p>&nbsp;<\/p>\n<p>&nbsp;<\/p>\n<p><a href=\"http:\/\/www.similanratsutila.fi\/wp-content\/uploads\/2014\/10\/image8.jpg\"><img loading=\"lazy\" decoding=\"async\" class=\"alignleft size-medium wp-image-312\" src=\"http:\/\/www.similanratsutila.fi\/wp-content\/uploads\/2014\/10\/image8-300x300.jpg\" alt=\"image\" width=\"300\" height=\"300\" srcset=\"https:\/\/www.similanratsutila.fi\/wp-content\/uploads\/2014\/10\/image8-300x300.jpg 300w, https:\/\/www.similanratsutila.fi\/wp-content\/uploads\/2014\/10\/image8-150x150.jpg 150w, https:\/\/www.similanratsutila.fi\/wp-content\/uploads\/2014\/10\/image8-1022x1024.jpg 1022w, https:\/\/www.similanratsutila.fi\/wp-content\/uploads\/2014\/10\/image8.jpg 1936w\" sizes=\"auto, (max-width: 300px) 100vw, 300px\" \/><\/a><\/p>\n\n\n<figure class=\"wp-block-image size-full\"><a href=\"https:\/\/www.similanratsutila.fi\/wp-content\/uploads\/2022\/01\/DB48AF87-458D-4F29-8D33-F07D9A127F83.jpeg\"><img loading=\"lazy\" decoding=\"async\" width=\"750\" height=\"563\" src=\"https:\/\/www.similanratsutila.fi\/wp-content\/uploads\/2022\/01\/DB48AF87-458D-4F29-8D33-F07D9A127F83.jpeg\" alt=\"\" class=\"wp-image-1140\" srcset=\"https:\/\/www.similanratsutila.fi\/wp-content\/uploads\/2022\/01\/DB48AF87-458D-4F29-8D33-F07D9A127F83.jpeg 750w, https:\/\/www.similanratsutila.fi\/wp-content\/uploads\/2022\/01\/DB48AF87-458D-4F29-8D33-F07D9A127F83-300x225.jpeg 300w\" sizes=\"auto, (max-width: 750px) 100vw, 750px\" \/><\/a><\/figure>\n\n\n\n<figure class=\"wp-block-image size-full\"><a href=\"https:\/\/www.similanratsutila.fi\/wp-content\/uploads\/2022\/01\/0490EFE6-88E3-4FDA-BBFF-A450F4B8622D.jpeg\"><img loading=\"lazy\" decoding=\"async\" width=\"560\" height=\"750\" src=\"https:\/\/www.similanratsutila.fi\/wp-content\/uploads\/2022\/01\/0490EFE6-88E3-4FDA-BBFF-A450F4B8622D.jpeg\" alt=\"\" class=\"wp-image-1126\" srcset=\"https:\/\/www.similanratsutila.fi\/wp-content\/uploads\/2022\/01\/0490EFE6-88E3-4FDA-BBFF-A450F4B8622D.jpeg 560w, https:\/\/www.similanratsutila.fi\/wp-content\/uploads\/2022\/01\/0490EFE6-88E3-4FDA-BBFF-A450F4B8622D-224x300.jpeg 224w\" sizes=\"auto, (max-width: 560px) 100vw, 560px\" \/><\/a><\/figure>\n\n\n\n<figure class=\"wp-block-image size-full\"><a href=\"https:\/\/www.similanratsutila.fi\/wp-content\/uploads\/2022\/01\/97BF660B-C650-4767-AE29-BC6EB0893EEC.jpeg\"><img loading=\"lazy\" decoding=\"async\" width=\"750\" height=\"563\" src=\"https:\/\/www.similanratsutila.fi\/wp-content\/uploads\/2022\/01\/97BF660B-C650-4767-AE29-BC6EB0893EEC.jpeg\" alt=\"\" class=\"wp-image-1127\" srcset=\"https:\/\/www.similanratsutila.fi\/wp-content\/uploads\/2022\/01\/97BF660B-C650-4767-AE29-BC6EB0893EEC.jpeg 750w, https:\/\/www.similanratsutila.fi\/wp-content\/uploads\/2022\/01\/97BF660B-C650-4767-AE29-BC6EB0893EEC-300x225.jpeg 300w\" sizes=\"auto, (max-width: 750px) 100vw, 750px\" \/><\/a><\/figure>\n\n\n\n<figure class=\"wp-block-image size-full\"><a href=\"https:\/\/www.similanratsutila.fi\/wp-content\/uploads\/2022\/01\/6E81DF0C-4A5B-4875-9CA1-95E041670BE9.jpeg\"><img loading=\"lazy\" decoding=\"async\" width=\"560\" height=\"750\" src=\"https:\/\/www.similanratsutila.fi\/wp-content\/uploads\/2022\/01\/6E81DF0C-4A5B-4875-9CA1-95E041670BE9.jpeg\" alt=\"\" class=\"wp-image-1125\" srcset=\"https:\/\/www.similanratsutila.fi\/wp-content\/uploads\/2022\/01\/6E81DF0C-4A5B-4875-9CA1-95E041670BE9.jpeg 560w, https:\/\/www.similanratsutila.fi\/wp-content\/uploads\/2022\/01\/6E81DF0C-4A5B-4875-9CA1-95E041670BE9-224x300.jpeg 224w\" sizes=\"auto, (max-width: 560px) 100vw, 560px\" \/><\/a><\/figure>\n\n\n\n<figure class=\"wp-block-image size-full\"><a href=\"https:\/\/www.similanratsutila.fi\/wp-content\/uploads\/2022\/01\/D85789C1-1D59-4AC6-A0C2-9901473AEEFB.jpeg\"><img loading=\"lazy\" decoding=\"async\" width=\"750\" height=\"563\" src=\"https:\/\/www.similanratsutila.fi\/wp-content\/uploads\/2022\/01\/D85789C1-1D59-4AC6-A0C2-9901473AEEFB.jpeg\" alt=\"\" class=\"wp-image-1096\" srcset=\"https:\/\/www.similanratsutila.fi\/wp-content\/uploads\/2022\/01\/D85789C1-1D59-4AC6-A0C2-9901473AEEFB.jpeg 750w, https:\/\/www.similanratsutila.fi\/wp-content\/uploads\/2022\/01\/D85789C1-1D59-4AC6-A0C2-9901473AEEFB-300x225.jpeg 300w\" sizes=\"auto, (max-width: 750px) 100vw, 750px\" \/><\/a><\/figure>\n\n\n\n<figure class=\"wp-block-image size-full\"><a href=\"https:\/\/www.similanratsutila.fi\/wp-content\/uploads\/2022\/01\/12959726-7932-4B51-BA0D-A3DBCD117B58.jpeg\"><img loading=\"lazy\" decoding=\"async\" width=\"560\" height=\"750\" src=\"https:\/\/www.similanratsutila.fi\/wp-content\/uploads\/2022\/01\/12959726-7932-4B51-BA0D-A3DBCD117B58.jpeg\" alt=\"\" class=\"wp-image-1149\" srcset=\"https:\/\/www.similanratsutila.fi\/wp-content\/uploads\/2022\/01\/12959726-7932-4B51-BA0D-A3DBCD117B58.jpeg 560w, https:\/\/www.similanratsutila.fi\/wp-content\/uploads\/2022\/01\/12959726-7932-4B51-BA0D-A3DBCD117B58-224x300.jpeg 224w\" sizes=\"auto, (max-width: 560px) 100vw, 560px\" \/><\/a><\/figure>\n\n\n\n<figure class=\"wp-block-image size-full\"><a href=\"https:\/\/www.similanratsutila.fi\/wp-content\/uploads\/2022\/01\/623000B7-9413-4DDC-B3BF-F400B0C2D00D.jpeg\"><img loading=\"lazy\" decoding=\"async\" width=\"560\" height=\"750\" src=\"https:\/\/www.similanratsutila.fi\/wp-content\/uploads\/2022\/01\/623000B7-9413-4DDC-B3BF-F400B0C2D00D.jpeg\" alt=\"\" class=\"wp-image-1147\" srcset=\"https:\/\/www.similanratsutila.fi\/wp-content\/uploads\/2022\/01\/623000B7-9413-4DDC-B3BF-F400B0C2D00D.jpeg 560w, https:\/\/www.similanratsutila.fi\/wp-content\/uploads\/2022\/01\/623000B7-9413-4DDC-B3BF-F400B0C2D00D-224x300.jpeg 224w\" sizes=\"auto, (max-width: 560px) 100vw, 560px\" \/><\/a><\/figure>\n\n\n\n<figure class=\"wp-block-image size-full\"><a href=\"https:\/\/www.similanratsutila.fi\/wp-content\/uploads\/2022\/01\/29005081-AEBE-4025-854B-53D986CE81B8.jpeg\"><img loading=\"lazy\" decoding=\"async\" width=\"560\" height=\"750\" src=\"https:\/\/www.similanratsutila.fi\/wp-content\/uploads\/2022\/01\/29005081-AEBE-4025-854B-53D986CE81B8.jpeg\" alt=\"\" class=\"wp-image-1148\" srcset=\"https:\/\/www.similanratsutila.fi\/wp-content\/uploads\/2022\/01\/29005081-AEBE-4025-854B-53D986CE81B8.jpeg 560w, https:\/\/www.similanratsutila.fi\/wp-content\/uploads\/2022\/01\/29005081-AEBE-4025-854B-53D986CE81B8-224x300.jpeg 224w\" sizes=\"auto, (max-width: 560px) 100vw, 560px\" \/><\/a><\/figure>\n\n\n\n<figure class=\"wp-block-image size-full\"><a href=\"https:\/\/www.similanratsutila.fi\/wp-content\/uploads\/2022\/01\/57D1EA01-B5C6-434E-887B-35A82E9BFDE7.jpeg\"><img loading=\"lazy\" decoding=\"async\" width=\"416\" height=\"750\" src=\"https:\/\/www.similanratsutila.fi\/wp-content\/uploads\/2022\/01\/57D1EA01-B5C6-434E-887B-35A82E9BFDE7.jpeg\" alt=\"\" class=\"wp-image-1145\" srcset=\"https:\/\/www.similanratsutila.fi\/wp-content\/uploads\/2022\/01\/57D1EA01-B5C6-434E-887B-35A82E9BFDE7.jpeg 416w, https:\/\/www.similanratsutila.fi\/wp-content\/uploads\/2022\/01\/57D1EA01-B5C6-434E-887B-35A82E9BFDE7-166x300.jpeg 166w\" sizes=\"auto, (max-width: 416px) 100vw, 416px\" \/><\/a><\/figure>\n\n\n\n<figure class=\"wp-block-image size-full\"><a href=\"https:\/\/www.similanratsutila.fi\/wp-content\/uploads\/2022\/01\/B96E9D44-3886-44F8-9BFF-CD551683FDC2.jpeg\"><img loading=\"lazy\" decoding=\"async\" width=\"560\" height=\"750\" src=\"https:\/\/www.similanratsutila.fi\/wp-content\/uploads\/2022\/01\/B96E9D44-3886-44F8-9BFF-CD551683FDC2.jpeg\" alt=\"\" class=\"wp-image-1195\" srcset=\"https:\/\/www.similanratsutila.fi\/wp-content\/uploads\/2022\/01\/B96E9D44-3886-44F8-9BFF-CD551683FDC2.jpeg 560w, https:\/\/www.similanratsutila.fi\/wp-content\/uploads\/2022\/01\/B96E9D44-3886-44F8-9BFF-CD551683FDC2-224x300.jpeg 224w\" sizes=\"auto, (max-width: 560px) 100vw, 560px\" \/><\/a><\/figure>\n","protected":false},"excerpt":{"rendered":"<p>Reittej\u00e4 Pyh\u00e4j\u00e4rven rantaan asti. Voit valita erireittej\u00e4: m\u00f6kkiteit\u00e4, ratsastuslenkin hakepohjalla tai mets\u00e4polkuja &nbsp; &nbsp; &nbsp; &nbsp; &nbsp; &nbsp;<\/p>\n","protected":false},"author":1,"featured_media":0,"parent":220,"menu_order":4,"comment_status":"closed","ping_status":"open","template":"","meta":{"footnotes":""},"class_list":["post-228","page","type-page","status-publish","hentry"],"_links":{"self":[{"href":"https:\/\/www.similanratsutila.fi\/index.php?rest_route=\/wp\/v2\/pages\/228","targetHints":{"allow":["GET"]}}],"collection":[{"href":"https:\/\/www.similanratsutila.fi\/index.php?rest_route=\/wp\/v2\/pages"}],"about":[{"href":"https:\/\/www.similanratsutila.fi\/index.php?rest_route=\/wp\/v2\/types\/page"}],"author":[{"embeddable":true,"href":"https:\/\/www.similanratsutila.fi\/index.php?rest_route=\/wp\/v2\/users\/1"}],"replies":[{"embeddable":true,"href":"https:\/\/www.similanratsutila.fi\/index.php?rest_route=%2Fwp%2Fv2%2Fcomments&post=228"}],"version-history":[{"count":5,"href":"https:\/\/www.similanratsutila.fi\/index.php?rest_route=\/wp\/v2\/pages\/228\/revisions"}],"predecessor-version":[{"id":1292,"href":"https:\/\/www.similanratsutila.fi\/index.php?rest_route=\/wp\/v2\/pages\/228\/revisions\/1292"}],"up":[{"embeddable":true,"href":"https:\/\/www.similanratsutila.fi\/index.php?rest_route=\/wp\/v2\/pages\/220"}],"wp:attachment":[{"href":"https:\/\/www.similanratsutila.fi\/index.php?rest_route=%2Fwp%2Fv2%2Fmedia&parent=228"}],"curies":[{"name":"wp","href":"https:\/\/api.w.org\/{rel}","templated":true}]}}