{"id":220,"date":"2014-09-30T21:52:51","date_gmt":"2014-09-30T18:52:51","guid":{"rendered":"http:\/\/simila.mainostoimistomuu.fi\/?page_id=220"},"modified":"2022-01-18T01:13:36","modified_gmt":"2022-01-17T23:13:36","slug":"tilat","status":"publish","type":"page","link":"https:\/\/www.similanratsutila.fi\/?page_id=220","title":{"rendered":"Tilat"},"content":{"rendered":"<p>Ratsastuskoulultamme l\u00f6yd\u00e4t asialliset tilat:<\/p>\n<p>maneesi, Kaksi ulkokentt\u00e4\u00e4, hiekkabaana, hakelenkki sek\u00e4 hiekkatiet\u00e4 ja mets\u00e4polkuja<\/p>\n<p><a href=\"http:\/\/www.similanratsutila.fi\/wp-content\/uploads\/2013\/12\/image4-e1412074676765.jpg\"><img loading=\"lazy\" decoding=\"async\" class=\"alignleft size-medium wp-image-214\" src=\"http:\/\/www.similanratsutila.fi\/wp-content\/uploads\/2013\/12\/image4-e1412074676765-300x224.jpg\" alt=\"image\" width=\"300\" height=\"224\" srcset=\"https:\/\/www.similanratsutila.fi\/wp-content\/uploads\/2013\/12\/image4-e1412074676765-300x224.jpg 300w, https:\/\/www.similanratsutila.fi\/wp-content\/uploads\/2013\/12\/image4-e1412074676765-1024x764.jpg 1024w\" sizes=\"auto, (max-width: 300px) 100vw, 300px\" \/><\/a><\/p>\n\n\n<figure class=\"wp-block-image size-full\"><a href=\"https:\/\/www.similanratsutila.fi\/wp-content\/uploads\/2022\/01\/F13AE1F6-8C04-4D1C-BB59-BD2BDC76A577.jpeg\"><img loading=\"lazy\" decoding=\"async\" width=\"750\" height=\"563\" src=\"https:\/\/www.similanratsutila.fi\/wp-content\/uploads\/2022\/01\/F13AE1F6-8C04-4D1C-BB59-BD2BDC76A577.jpeg\" alt=\"\" class=\"wp-image-1143\" srcset=\"https:\/\/www.similanratsutila.fi\/wp-content\/uploads\/2022\/01\/F13AE1F6-8C04-4D1C-BB59-BD2BDC76A577.jpeg 750w, https:\/\/www.similanratsutila.fi\/wp-content\/uploads\/2022\/01\/F13AE1F6-8C04-4D1C-BB59-BD2BDC76A577-300x225.jpeg 300w\" sizes=\"auto, (max-width: 750px) 100vw, 750px\" \/><\/a><\/figure>\n\n\n\n<figure class=\"wp-block-image size-full\"><a href=\"https:\/\/www.similanratsutila.fi\/wp-content\/uploads\/2022\/01\/05A7CFF5-15AE-42EE-B278-DA330EDC62F7.jpeg\"><img loading=\"lazy\" decoding=\"async\" width=\"750\" height=\"563\" src=\"https:\/\/www.similanratsutila.fi\/wp-content\/uploads\/2022\/01\/05A7CFF5-15AE-42EE-B278-DA330EDC62F7.jpeg\" alt=\"\" class=\"wp-image-1135\" srcset=\"https:\/\/www.similanratsutila.fi\/wp-content\/uploads\/2022\/01\/05A7CFF5-15AE-42EE-B278-DA330EDC62F7.jpeg 750w, https:\/\/www.similanratsutila.fi\/wp-content\/uploads\/2022\/01\/05A7CFF5-15AE-42EE-B278-DA330EDC62F7-300x225.jpeg 300w\" sizes=\"auto, (max-width: 750px) 100vw, 750px\" \/><\/a><\/figure>\n\n\n\n<figure class=\"wp-block-image size-large\"><a href=\"https:\/\/www.similanratsutila.fi\/wp-content\/uploads\/2021\/12\/inbound8441433819534641782-scaled.jpg\"><img loading=\"lazy\" decoding=\"async\" width=\"1024\" height=\"683\" src=\"https:\/\/www.similanratsutila.fi\/wp-content\/uploads\/2021\/12\/inbound8441433819534641782-1024x683.jpg\" alt=\"\" class=\"wp-image-1035\" srcset=\"https:\/\/www.similanratsutila.fi\/wp-content\/uploads\/2021\/12\/inbound8441433819534641782-1024x683.jpg 1024w, https:\/\/www.similanratsutila.fi\/wp-content\/uploads\/2021\/12\/inbound8441433819534641782-300x200.jpg 300w, https:\/\/www.similanratsutila.fi\/wp-content\/uploads\/2021\/12\/inbound8441433819534641782-768x512.jpg 768w, https:\/\/www.similanratsutila.fi\/wp-content\/uploads\/2021\/12\/inbound8441433819534641782-1536x1024.jpg 1536w, https:\/\/www.similanratsutila.fi\/wp-content\/uploads\/2021\/12\/inbound8441433819534641782-2048x1365.jpg 2048w\" sizes=\"auto, (max-width: 1024px) 100vw, 1024px\" \/><\/a><\/figure>\n\n\n\n<figure class=\"wp-block-image size-full\"><a href=\"https:\/\/www.similanratsutila.fi\/wp-content\/uploads\/2022\/01\/A4761012-1F39-494E-9306-E31EFECC945A.jpeg\"><img loading=\"lazy\" decoding=\"async\" width=\"914\" height=\"652\" src=\"https:\/\/www.similanratsutila.fi\/wp-content\/uploads\/2022\/01\/A4761012-1F39-494E-9306-E31EFECC945A.jpeg\" alt=\"\" class=\"wp-image-1189\" srcset=\"https:\/\/www.similanratsutila.fi\/wp-content\/uploads\/2022\/01\/A4761012-1F39-494E-9306-E31EFECC945A.jpeg 914w, https:\/\/www.similanratsutila.fi\/wp-content\/uploads\/2022\/01\/A4761012-1F39-494E-9306-E31EFECC945A-300x214.jpeg 300w, https:\/\/www.similanratsutila.fi\/wp-content\/uploads\/2022\/01\/A4761012-1F39-494E-9306-E31EFECC945A-768x548.jpeg 768w\" sizes=\"auto, (max-width: 914px) 100vw, 914px\" \/><\/a><figcaption>Tarun Taimi<\/figcaption><\/figure>\n","protected":false},"excerpt":{"rendered":"<p>Ratsastuskoulultamme l\u00f6yd\u00e4t asialliset tilat: maneesi, Kaksi ulkokentt\u00e4\u00e4, hiekkabaana, hakelenkki sek\u00e4 hiekkatiet\u00e4 ja mets\u00e4polkuja<\/p>\n","protected":false},"author":1,"featured_media":0,"parent":0,"menu_order":4,"comment_status":"closed","ping_status":"open","template":"","meta":{"footnotes":""},"class_list":["post-220","page","type-page","status-publish","hentry"],"_links":{"self":[{"href":"https:\/\/www.similanratsutila.fi\/index.php?rest_route=\/wp\/v2\/pages\/220","targetHints":{"allow":["GET"]}}],"collection":[{"href":"https:\/\/www.similanratsutila.fi\/index.php?rest_route=\/wp\/v2\/pages"}],"about":[{"href":"https:\/\/www.similanratsutila.fi\/index.php?rest_route=\/wp\/v2\/types\/page"}],"author":[{"embeddable":true,"href":"https:\/\/www.similanratsutila.fi\/index.php?rest_route=\/wp\/v2\/users\/1"}],"replies":[{"embeddable":true,"href":"https:\/\/www.similanratsutila.fi\/index.php?rest_route=%2Fwp%2Fv2%2Fcomments&post=220"}],"version-history":[{"count":5,"href":"https:\/\/www.similanratsutila.fi\/index.php?rest_route=\/wp\/v2\/pages\/220\/revisions"}],"predecessor-version":[{"id":1256,"href":"https:\/\/www.similanratsutila.fi\/index.php?rest_route=\/wp\/v2\/pages\/220\/revisions\/1256"}],"wp:attachment":[{"href":"https:\/\/www.similanratsutila.fi\/index.php?rest_route=%2Fwp%2Fv2%2Fmedia&parent=220"}],"curies":[{"name":"wp","href":"https:\/\/api.w.org\/{rel}","templated":true}]}}