{"id":14,"date":"2013-12-11T12:20:33","date_gmt":"2013-12-11T10:20:33","guid":{"rendered":"http:\/\/simila.mainostoimistomuu.fi\/?page_id=14"},"modified":"2022-12-02T10:45:34","modified_gmt":"2022-12-02T08:45:34","slug":"siru","status":"publish","type":"page","link":"https:\/\/www.similanratsutila.fi\/?page_id=14","title":{"rendered":"Simil\u00e4n Ratsastusurheilijat, SiRu ry"},"content":{"rendered":"<p><img loading=\"lazy\" decoding=\"async\" class=\"size-medium wp-image-673 alignright\" src=\"http:\/\/www.similanratsutila.fi\/wp-content\/uploads\/2013\/12\/SiRu_logo-300x212.png\" alt=\"\" width=\"300\" height=\"212\" srcset=\"https:\/\/www.similanratsutila.fi\/wp-content\/uploads\/2013\/12\/SiRu_logo-300x212.png 300w, https:\/\/www.similanratsutila.fi\/wp-content\/uploads\/2013\/12\/SiRu_logo-768x543.png 768w, https:\/\/www.similanratsutila.fi\/wp-content\/uploads\/2013\/12\/SiRu_logo-1024x724.png 1024w, https:\/\/www.similanratsutila.fi\/wp-content\/uploads\/2013\/12\/SiRu_logo.png 1754w\" sizes=\"auto, (max-width: 300px) 100vw, 300px\" \/>Tykk\u00e4\u00e4 SiRusta Facebookissa, jolloin saat seuran uutiset tuoreeltaan! \u00c4l\u00e4 ep\u00e4r\u00f6i my\u00f6sk\u00e4\u00e4n kysy\u00e4 puheenjohtajalta tai j\u00e4sensihteerilt\u00e4 mielt\u00e4si askarruttavista seura-asioista.<\/p>\n<p><a href=\"https:\/\/www.facebook.com\/Simil\u00e4n-Ratsastusurheilijat-Ry-364039893954596\/\" target=\"_blank\" rel=\"noopener noreferrer\">Simil\u00e4n Ratsastusurheilijat ry Facebookissa &gt;\u00a0<\/a><\/p>\n<p><a href=\"https:\/\/www.similanratsutila.fi\/wp-content\/uploads\/2022\/11\/POYTAKIRJA_syyskokous151022.pdf\" target=\"_blank\" rel=\"noopener\">Kokousp\u00f6yt\u00e4kirja, syyskokous 15.10.2022 &gt;<\/a><br \/>\n<a href=\"https:\/\/www.similanratsutila.fi\/wp-content\/uploads\/2022\/11\/toimintasuunnitelma_2023.pdf\" target=\"_blank\" rel=\"noopener\">LIITE, Toimintasuunnitelma vuodelle 2023 &gt;<\/a><\/p>\n<p><strong>Simil\u00e4n Ratsastusurheilijat ry SiRu\u00a0<\/strong>on perustettu 9.2.2000.<\/p>\n<p>Jos haluat liitty\u00e4 seuraamme, ota yhteytt\u00e4 j\u00e4sensihteeriimme Mariaan! H\u00e4nen yhteystietonsa l\u00f6yd\u00e4t alempaa.<\/p>\n<p><strong>SiRu ry:n j\u00e4senmaksut 2023:<\/strong><\/p>\n<ul>\n<li>SRL seniori 68,-<\/li>\n<li>SRL seniori uusi 73,-<\/li>\n<li>SRL Juniori 61,-<\/li>\n<li>SRL juniori uusi 65,-<\/li>\n<li>SRL perhej\u00e4sen seniori 39,-<\/li>\n<li>SRL perhej\u00e4sen seniori uusi 44,-<\/li>\n<li>SRL perhej\u00e4sen juniori 35,50,-<\/li>\n<li>SRL perhej\u00e4sen juniori uusi 40,50,-<\/li>\n<li>SiRu kannatusj\u00e4sen 12,-<\/li>\n<li>SiRu kannatusj\u00e4sen uusi 17,-<\/li>\n<\/ul>\n<p><strong>T\u00e4ss\u00e4 muutamia hyvi\u00e4 syit\u00e4 kuulua seuraan:<\/strong><\/p>\n<ul>\n<li><b>Saat kattavan tapaturmavakuutuksen,<\/b>\u00a0joka on voimassa aina hevosia hoidettaessa, ratsastaessa sek\u00e4 matkoilla tallille. Vakuutus on voimassa my\u00f6s ulkomailla.<\/li>\n<li><b>Saat Hippos-lehden j\u00e4senetuna kahdeksan kertaa vuodessa.<\/b>\u00a0Hippos sis\u00e4lt\u00e4\u00e4 mm. asiantuntija-artikkeleita ja ajankohtaista tietoa hevos- ja ratsastusmaailmasta.<\/li>\n<li><b>Voit suorittaa ratsastuksen hevostaito- ja ratsastusmerkkej\u00e4.<\/b>\u00a0Merkkien avulla voit seurata omien taitojesi kehittymist\u00e4 ja luoda tavoitteellisuutta hevosharrastukseesi.<\/li>\n<li><b>Voit osallistua ratsastuskilpailuihin.<\/b><\/li>\n<li>Voit osallistua\u00a0<b><a href=\"http:\/\/www.ratsastus.fi\/koulutus_ja_valmennus\/toimihenkilokoulutus\">toimihenkil\u00f6koulutuksiin<\/a><\/b>\u00a0ja toimia koulutuksen j\u00e4lkeen tuomarina, ratamestarina, stewardina jne.\u00a0<b>Lis\u00e4ksi voit hy\u00f6dynt\u00e4\u00e4 useiden yhteisty\u00f6kumppaneiden tarjoamat edut, joihin voit tutustua <a href=\"http:\/\/www.ratsastus.fi\/j\u00e4senedut\" target=\"_blank\" rel=\"noopener noreferrer\">t\u00e4\u00e4ll\u00e4 &gt;<\/a><\/b><\/li>\n<\/ul>\n<p><strong><span style=\"font-family: Geneva, Arial, Helvetica, sans-serif;\">Simil\u00e4n Ratsastusurheilijat ry:<\/span><\/strong><\/p>\n<p><strong>PUHEENJOHTAJA:<br \/>\nPia N\u00e4ppinen\u00a0<\/strong>(31.12.2022 saakka)<br \/>\nPuh. 050 540 3241<br \/>\n<em>pia@mainostoimistomuu.fi<\/em><\/p>\n<p><strong>PUHEENJOHTAJA:<br \/>\nElina M\u00e4kinen <\/strong>(1.1.2023 alkaen)<br \/>\nPuh. 040 757 7965<br \/>\n<em><a href=\"mailto:elinamak85@gmail.com\">elinamak85@gmail.com<\/a><\/em><\/p>\n<p><strong>J\u00e4sensihteeri:<\/strong><br \/>\nMaria Enberg<br \/>\n<i>Puh 040 751 1195<br \/>\n<a href=\"mailto:maria.enberg@gmail.com\" target=\"_blank\" rel=\"noopener noreferrer\">maria.enberg@gmail.com<\/a><\/i><\/p>\n<p><strong>Rahastonhoitaja \/ varapuheenjohtaja:<\/strong><br \/>\nEmma Jaakkola<br \/>\n<i>Puh. 0400 483 312<\/i><br \/>\n<a href=\"mailto:siru.ry@gmail.com\">siru.ry@gmail.com<\/a><\/p>\n<p><strong>Hallituksen muut j\u00e4senet:<\/strong><br \/>\nMari Simil\u00e4<br \/>\nPiritta Into<br \/>\nElina M\u00e4kinen (1.1.2023 alkaen puheenjohtaja)<br \/>\nTuija Rasilainen (1.1.2023 alkaen)<\/p>\n<p><strong>Toiminnantarkastaja:<\/strong><br \/>\nPirkko Laaksonen (31.12.2022 saakka)<br \/>\nPia N\u00e4ppinen (1.1.2023 alkaen)<\/p>\n<p><strong>Varatoiminnantarkastaja:<\/strong><br \/>\nEssi Laaksonen<\/p>\n","protected":false},"excerpt":{"rendered":"<p>Tykk\u00e4\u00e4 SiRusta Facebookissa, jolloin saat seuran uutiset tuoreeltaan! \u00c4l\u00e4 ep\u00e4r\u00f6i my\u00f6sk\u00e4\u00e4n kysy\u00e4 puheenjohtajalta tai j\u00e4sensihteerilt\u00e4 mielt\u00e4si askarruttavista seura-asioista. Simil\u00e4n Ratsastusurheilijat ry Facebookissa &gt;\u00a0 Kokousp\u00f6yt\u00e4kirja, syyskokous 15.10.2022 &gt; LIITE, Toimintasuunnitelma vuodelle 2023 &gt; Simil\u00e4n Ratsastusurheilijat ry SiRu\u00a0on perustettu 9.2.2000. Jos haluat liitty\u00e4 seuraamme, ota yhteytt\u00e4 j\u00e4sensihteeriimme Mariaan! H\u00e4nen yhteystietonsa l\u00f6yd\u00e4t alempaa. SiRu ry:n j\u00e4senmaksut 2023: SRL [&hellip;]<\/p>\n","protected":false},"author":1,"featured_media":0,"parent":0,"menu_order":9,"comment_status":"closed","ping_status":"closed","template":"","meta":{"footnotes":""},"class_list":["post-14","page","type-page","status-publish","hentry"],"_links":{"self":[{"href":"https:\/\/www.similanratsutila.fi\/index.php?rest_route=\/wp\/v2\/pages\/14","targetHints":{"allow":["GET"]}}],"collection":[{"href":"https:\/\/www.similanratsutila.fi\/index.php?rest_route=\/wp\/v2\/pages"}],"about":[{"href":"https:\/\/www.similanratsutila.fi\/index.php?rest_route=\/wp\/v2\/types\/page"}],"author":[{"embeddable":true,"href":"https:\/\/www.similanratsutila.fi\/index.php?rest_route=\/wp\/v2\/users\/1"}],"replies":[{"embeddable":true,"href":"https:\/\/www.similanratsutila.fi\/index.php?rest_route=%2Fwp%2Fv2%2Fcomments&post=14"}],"version-history":[{"count":5,"href":"https:\/\/www.similanratsutila.fi\/index.php?rest_route=\/wp\/v2\/pages\/14\/revisions"}],"predecessor-version":[{"id":1415,"href":"https:\/\/www.similanratsutila.fi\/index.php?rest_route=\/wp\/v2\/pages\/14\/revisions\/1415"}],"wp:attachment":[{"href":"https:\/\/www.similanratsutila.fi\/index.php?rest_route=%2Fwp%2Fv2%2Fmedia&parent=14"}],"curies":[{"name":"wp","href":"https:\/\/api.w.org\/{rel}","templated":true}]}}