{"id":10,"date":"2013-12-11T12:16:10","date_gmt":"2013-12-11T10:16:10","guid":{"rendered":"http:\/\/simila.mainostoimistomuu.fi\/?page_id=10"},"modified":"2025-03-24T19:29:28","modified_gmt":"2025-03-24T17:29:28","slug":"henkilokunta","status":"publish","type":"page","link":"https:\/\/www.similanratsutila.fi\/?page_id=10","title":{"rendered":"Team Simil\u00e4n Ratsutila"},"content":{"rendered":"<p><strong>Mari Simil\u00e4, ratsastuksenopettajan erikoisammattitutkinto, master.\u00a0<\/strong><\/p>\n<p>Mari vastaa ratsastuskoulun toiminnasta, kilpailee eri hevosilla kansallisella tasolla Small Tour, Inter I<\/p>\n<p><a href=\"https:\/\/www.similanratsutila.fi\/wp-content\/uploads\/2021\/03\/090EF45B-0772-4CA0-B2E3-6A0E0AC49412.png\"><img loading=\"lazy\" decoding=\"async\" class=\"alignnone size-medium wp-image-1007\" src=\"https:\/\/www.similanratsutila.fi\/wp-content\/uploads\/2021\/03\/090EF45B-0772-4CA0-B2E3-6A0E0AC49412-300x225.png\" alt=\"\" width=\"300\" height=\"225\" srcset=\"https:\/\/www.similanratsutila.fi\/wp-content\/uploads\/2021\/03\/090EF45B-0772-4CA0-B2E3-6A0E0AC49412-300x225.png 300w, https:\/\/www.similanratsutila.fi\/wp-content\/uploads\/2021\/03\/090EF45B-0772-4CA0-B2E3-6A0E0AC49412-1024x768.png 1024w, https:\/\/www.similanratsutila.fi\/wp-content\/uploads\/2021\/03\/090EF45B-0772-4CA0-B2E3-6A0E0AC49412-768x576.png 768w, https:\/\/www.similanratsutila.fi\/wp-content\/uploads\/2021\/03\/090EF45B-0772-4CA0-B2E3-6A0E0AC49412-1536x1152.png 1536w, https:\/\/www.similanratsutila.fi\/wp-content\/uploads\/2021\/03\/090EF45B-0772-4CA0-B2E3-6A0E0AC49412.png 2048w\" sizes=\"auto, (max-width: 300px) 100vw, 300px\" \/><\/a><\/p>\n<p><strong>Maria Enberg, ratsastuksenohjaaja<\/strong><\/p>\n<p><a href=\"http:\/\/www.similanratsutila.fi\/wp-content\/uploads\/2018\/12\/368C5C7D-BBCD-484E-B3D5-C6025A0F915A.png\"><img loading=\"lazy\" decoding=\"async\" class=\"alignnone size-medium wp-image-892\" src=\"http:\/\/www.similanratsutila.fi\/wp-content\/uploads\/2018\/12\/368C5C7D-BBCD-484E-B3D5-C6025A0F915A-300x225.png\" alt=\"\" width=\"300\" height=\"225\" srcset=\"https:\/\/www.similanratsutila.fi\/wp-content\/uploads\/2018\/12\/368C5C7D-BBCD-484E-B3D5-C6025A0F915A-300x225.png 300w, https:\/\/www.similanratsutila.fi\/wp-content\/uploads\/2018\/12\/368C5C7D-BBCD-484E-B3D5-C6025A0F915A-768x576.png 768w, https:\/\/www.similanratsutila.fi\/wp-content\/uploads\/2018\/12\/368C5C7D-BBCD-484E-B3D5-C6025A0F915A-1024x768.png 1024w, https:\/\/www.similanratsutila.fi\/wp-content\/uploads\/2018\/12\/368C5C7D-BBCD-484E-B3D5-C6025A0F915A.png 2048w\" sizes=\"auto, (max-width: 300px) 100vw, 300px\" \/><\/a><\/p>\n<p>Keskiviikkovahvistuksemme:<\/p>\n<p>Liina Karonen\u00a0<\/p>\n<p>Ty\u00f6ss\u00e4oppijamme:<\/p>\n<p>Tytti Ojanper\u00e4\u00a0<\/p>\n<p><a href=\"https:\/\/www.similanratsutila.fi\/wp-content\/uploads\/2025\/03\/Screenshot_20250324_192420_WhatsApp-scaled.jpg\"><img loading=\"lazy\" decoding=\"async\" class=\"alignnone size-medium wp-image-1522\" src=\"https:\/\/www.similanratsutila.fi\/wp-content\/uploads\/2025\/03\/Screenshot_20250324_192420_WhatsApp-252x300.jpg\" alt=\"\" width=\"252\" height=\"300\" srcset=\"https:\/\/www.similanratsutila.fi\/wp-content\/uploads\/2025\/03\/Screenshot_20250324_192420_WhatsApp-252x300.jpg 252w, https:\/\/www.similanratsutila.fi\/wp-content\/uploads\/2025\/03\/Screenshot_20250324_192420_WhatsApp-861x1024.jpg 861w, https:\/\/www.similanratsutila.fi\/wp-content\/uploads\/2025\/03\/Screenshot_20250324_192420_WhatsApp-768x914.jpg 768w, https:\/\/www.similanratsutila.fi\/wp-content\/uploads\/2025\/03\/Screenshot_20250324_192420_WhatsApp-1291x1536.jpg 1291w, https:\/\/www.similanratsutila.fi\/wp-content\/uploads\/2025\/03\/Screenshot_20250324_192420_WhatsApp-1721x2048.jpg 1721w\" sizes=\"auto, (max-width: 252px) 100vw, 252px\" \/><\/a><\/p>\n<p>Elvira Hallinen\u00a0<\/p>\n<p>Haluatko meid\u00e4n tiimiin? Voit solmia koulutussopimuksen ja opiskella ty\u00f6nohessa hevosalaa! My\u00f6s mahdollisuus ty\u00f6harjoitteluun\/ty\u00f6el\u00e4m\u00e4\u00e4n tutustumiseen. Sinulla on mahdollisuus oppia hevosmiestaitoja ja erilaisten hevosten k\u00e4sittely\u00e4 ja koulutusta, saat oppia alan ammattilaisilta!<\/p>\n<p><b>Sek\u00e4 miesv\u00e4ki:<\/b><\/p>\n<p><b>Harri Jutila, toiveiden toteutus<\/b><\/p>\n<p><a href=\"http:\/\/www.similanratsutila.fi\/wp-content\/uploads\/2018\/01\/IMG_1239-e1516868298344.jpg\"><img loading=\"lazy\" decoding=\"async\" class=\"alignnone size-medium wp-image-823\" src=\"http:\/\/www.similanratsutila.fi\/wp-content\/uploads\/2018\/01\/IMG_1239-e1516868298344-300x224.jpg\" alt=\"\" width=\"300\" height=\"224\" srcset=\"https:\/\/www.similanratsutila.fi\/wp-content\/uploads\/2018\/01\/IMG_1239-e1516868298344-300x224.jpg 300w, https:\/\/www.similanratsutila.fi\/wp-content\/uploads\/2018\/01\/IMG_1239-e1516868298344-768x574.jpg 768w, https:\/\/www.similanratsutila.fi\/wp-content\/uploads\/2018\/01\/IMG_1239-e1516868298344-1024x765.jpg 1024w\" sizes=\"auto, (max-width: 300px) 100vw, 300px\" \/><\/a><\/p>\n<p><b> Mikko Simil\u00e4, tilan haltija\u00a0<\/b><\/p>\n<p><a href=\"http:\/\/www.similanratsutila.fi\/wp-content\/uploads\/2018\/01\/IMG_1854.jpg\"><img loading=\"lazy\" decoding=\"async\" class=\"alignnone size-medium wp-image-819\" src=\"http:\/\/www.similanratsutila.fi\/wp-content\/uploads\/2018\/01\/IMG_1854-300x240.jpg\" alt=\"\" width=\"300\" height=\"240\" srcset=\"https:\/\/www.similanratsutila.fi\/wp-content\/uploads\/2018\/01\/IMG_1854-300x240.jpg 300w, https:\/\/www.similanratsutila.fi\/wp-content\/uploads\/2018\/01\/IMG_1854-768x615.jpg 768w, https:\/\/www.similanratsutila.fi\/wp-content\/uploads\/2018\/01\/IMG_1854-1024x820.jpg 1024w, https:\/\/www.similanratsutila.fi\/wp-content\/uploads\/2018\/01\/IMG_1854.jpg 2048w\" sizes=\"auto, (max-width: 300px) 100vw, 300px\" \/><\/a><\/p>\n<p><b>Pajum\u00e4e Timara &#8221;Kiira&#8221; sek\u00e4 Wunder \u201dRemu\u201d berninpaimenkoirat<\/b><\/p>\n<p><a href=\"https:\/\/www.similanratsutila.fi\/wp-content\/uploads\/2024\/03\/20240219_132217-scaled.jpg\"><img loading=\"lazy\" decoding=\"async\" class=\"alignnone size-medium wp-image-1466\" src=\"https:\/\/www.similanratsutila.fi\/wp-content\/uploads\/2024\/03\/20240219_132217-180x300.jpg\" alt=\"\" width=\"180\" height=\"300\" srcset=\"https:\/\/www.similanratsutila.fi\/wp-content\/uploads\/2024\/03\/20240219_132217-180x300.jpg 180w, https:\/\/www.similanratsutila.fi\/wp-content\/uploads\/2024\/03\/20240219_132217-614x1024.jpg 614w, https:\/\/www.similanratsutila.fi\/wp-content\/uploads\/2024\/03\/20240219_132217-768x1280.jpg 768w, https:\/\/www.similanratsutila.fi\/wp-content\/uploads\/2024\/03\/20240219_132217-922x1536.jpg 922w, https:\/\/www.similanratsutila.fi\/wp-content\/uploads\/2024\/03\/20240219_132217-1229x2048.jpg 1229w, https:\/\/www.similanratsutila.fi\/wp-content\/uploads\/2024\/03\/20240219_132217-scaled.jpg 1536w\" sizes=\"auto, (max-width: 180px) 100vw, 180px\" \/><\/a><\/p>\n<p><a href=\"http:\/\/www.similanratsutila.fi\/wp-content\/uploads\/2013\/12\/image6-e1433789490119.jpg\">\u00a0<\/a><\/p>\n\n\n<figure class=\"wp-block-image size-full\"><a href=\"https:\/\/www.similanratsutila.fi\/wp-content\/uploads\/2022\/01\/99EB5158-A86F-4223-84A8-2D8611E7FF20.jpeg\"><img loading=\"lazy\" decoding=\"async\" width=\"656\" height=\"939\" src=\"https:\/\/www.similanratsutila.fi\/wp-content\/uploads\/2022\/01\/99EB5158-A86F-4223-84A8-2D8611E7FF20.jpeg\" alt=\"\" class=\"wp-image-1173\" srcset=\"https:\/\/www.similanratsutila.fi\/wp-content\/uploads\/2022\/01\/99EB5158-A86F-4223-84A8-2D8611E7FF20.jpeg 656w, https:\/\/www.similanratsutila.fi\/wp-content\/uploads\/2022\/01\/99EB5158-A86F-4223-84A8-2D8611E7FF20-210x300.jpeg 210w\" sizes=\"auto, (max-width: 656px) 100vw, 656px\" \/><\/a><\/figure>\n\n\n\n<figure class=\"wp-block-image size-full is-resized\"><a href=\"https:\/\/www.similanratsutila.fi\/wp-content\/uploads\/2022\/01\/7C4F42C1-3003-4C1C-8AD1-9A1EC73D7050.jpeg\"><img decoding=\"async\" src=\"https:\/\/www.similanratsutila.fi\/wp-content\/uploads\/2022\/01\/7C4F42C1-3003-4C1C-8AD1-9A1EC73D7050.jpeg\" alt=\"\" class=\"wp-image-1186\" style=\"width:20px;height:auto\"\/><\/a><\/figure>\n\n\n\n<figure class=\"wp-block-image size-full is-resized\"><a href=\"https:\/\/www.similanratsutila.fi\/wp-content\/uploads\/2022\/01\/68C4CBD5-DE99-404A-A0C8-DF1562CA5CFD.jpeg\"><img loading=\"lazy\" decoding=\"async\" width=\"867\" height=\"650\" src=\"https:\/\/www.similanratsutila.fi\/wp-content\/uploads\/2022\/01\/68C4CBD5-DE99-404A-A0C8-DF1562CA5CFD.jpeg\" alt=\"\" class=\"wp-image-1151\" style=\"width:27px;height:auto\" srcset=\"https:\/\/www.similanratsutila.fi\/wp-content\/uploads\/2022\/01\/68C4CBD5-DE99-404A-A0C8-DF1562CA5CFD.jpeg 867w, https:\/\/www.similanratsutila.fi\/wp-content\/uploads\/2022\/01\/68C4CBD5-DE99-404A-A0C8-DF1562CA5CFD-300x225.jpeg 300w, https:\/\/www.similanratsutila.fi\/wp-content\/uploads\/2022\/01\/68C4CBD5-DE99-404A-A0C8-DF1562CA5CFD-768x576.jpeg 768w\" sizes=\"auto, (max-width: 867px) 100vw, 867px\" \/><\/a><\/figure>\n\n\n\n<figure class=\"wp-block-image size-full is-resized\"><a href=\"https:\/\/www.similanratsutila.fi\/wp-content\/uploads\/2022\/01\/366A0E8B-800A-4A40-9C53-84F6CC567147.jpeg\"><img loading=\"lazy\" decoding=\"async\" width=\"750\" height=\"563\" src=\"https:\/\/www.similanratsutila.fi\/wp-content\/uploads\/2022\/01\/366A0E8B-800A-4A40-9C53-84F6CC567147.jpeg\" alt=\"\" class=\"wp-image-1201\" style=\"width:27px;height:auto\" srcset=\"https:\/\/www.similanratsutila.fi\/wp-content\/uploads\/2022\/01\/366A0E8B-800A-4A40-9C53-84F6CC567147.jpeg 750w, https:\/\/www.similanratsutila.fi\/wp-content\/uploads\/2022\/01\/366A0E8B-800A-4A40-9C53-84F6CC567147-300x225.jpeg 300w\" sizes=\"auto, (max-width: 750px) 100vw, 750px\" \/><\/a><\/figure>\n\n\n\n<figure class=\"wp-block-image size-full is-resized\"><a href=\"https:\/\/www.similanratsutila.fi\/wp-content\/uploads\/2022\/01\/BECEB6CE-DAE3-4CBD-9E65-AE3FF3E51208.jpeg\"><img loading=\"lazy\" decoding=\"async\" width=\"560\" height=\"750\" src=\"https:\/\/www.similanratsutila.fi\/wp-content\/uploads\/2022\/01\/BECEB6CE-DAE3-4CBD-9E65-AE3FF3E51208.jpeg\" alt=\"\" class=\"wp-image-1194\" style=\"width:20px;height:auto\" srcset=\"https:\/\/www.similanratsutila.fi\/wp-content\/uploads\/2022\/01\/BECEB6CE-DAE3-4CBD-9E65-AE3FF3E51208.jpeg 560w, https:\/\/www.similanratsutila.fi\/wp-content\/uploads\/2022\/01\/BECEB6CE-DAE3-4CBD-9E65-AE3FF3E51208-224x300.jpeg 224w\" sizes=\"auto, (max-width: 560px) 100vw, 560px\" \/><\/a><\/figure>\n\n\n\n<figure class=\"wp-block-image size-full is-resized\"><a href=\"https:\/\/www.similanratsutila.fi\/wp-content\/uploads\/2022\/01\/5FF66092-93D3-4D1C-B20C-B136A9C29B41.jpeg\"><img loading=\"lazy\" decoding=\"async\" width=\"750\" height=\"563\" src=\"https:\/\/www.similanratsutila.fi\/wp-content\/uploads\/2022\/01\/5FF66092-93D3-4D1C-B20C-B136A9C29B41.jpeg\" alt=\"\" class=\"wp-image-1138\" style=\"width:27px;height:auto\" srcset=\"https:\/\/www.similanratsutila.fi\/wp-content\/uploads\/2022\/01\/5FF66092-93D3-4D1C-B20C-B136A9C29B41.jpeg 750w, https:\/\/www.similanratsutila.fi\/wp-content\/uploads\/2022\/01\/5FF66092-93D3-4D1C-B20C-B136A9C29B41-300x225.jpeg 300w\" sizes=\"auto, (max-width: 750px) 100vw, 750px\" \/><\/a><\/figure>\n","protected":false},"excerpt":{"rendered":"<p>Mari Simil\u00e4, ratsastuksenopettajan erikoisammattitutkinto, master.\u00a0 Mari vastaa ratsastuskoulun toiminnasta, kilpailee eri hevosilla kansallisella tasolla Small Tour, Inter I Maria Enberg, ratsastuksenohjaaja Keskiviikkovahvistuksemme: Liina Karonen\u00a0 Ty\u00f6ss\u00e4oppijamme: Tytti Ojanper\u00e4\u00a0 Elvira Hallinen\u00a0 Haluatko meid\u00e4n tiimiin? Voit solmia koulutussopimuksen ja opiskella ty\u00f6nohessa hevosalaa! My\u00f6s mahdollisuus ty\u00f6harjoitteluun\/ty\u00f6el\u00e4m\u00e4\u00e4n tutustumiseen. Sinulla on mahdollisuus oppia hevosmiestaitoja ja erilaisten hevosten k\u00e4sittely\u00e4 ja koulutusta, saat [&hellip;]<\/p>\n","protected":false},"author":1,"featured_media":0,"parent":0,"menu_order":8,"comment_status":"closed","ping_status":"closed","template":"","meta":{"footnotes":""},"class_list":["post-10","page","type-page","status-publish","hentry"],"_links":{"self":[{"href":"https:\/\/www.similanratsutila.fi\/index.php?rest_route=\/wp\/v2\/pages\/10","targetHints":{"allow":["GET"]}}],"collection":[{"href":"https:\/\/www.similanratsutila.fi\/index.php?rest_route=\/wp\/v2\/pages"}],"about":[{"href":"https:\/\/www.similanratsutila.fi\/index.php?rest_route=\/wp\/v2\/types\/page"}],"author":[{"embeddable":true,"href":"https:\/\/www.similanratsutila.fi\/index.php?rest_route=\/wp\/v2\/users\/1"}],"replies":[{"embeddable":true,"href":"https:\/\/www.similanratsutila.fi\/index.php?rest_route=%2Fwp%2Fv2%2Fcomments&post=10"}],"version-history":[{"count":6,"href":"https:\/\/www.similanratsutila.fi\/index.php?rest_route=\/wp\/v2\/pages\/10\/revisions"}],"predecessor-version":[{"id":1523,"href":"https:\/\/www.similanratsutila.fi\/index.php?rest_route=\/wp\/v2\/pages\/10\/revisions\/1523"}],"wp:attachment":[{"href":"https:\/\/www.similanratsutila.fi\/index.php?rest_route=%2Fwp%2Fv2%2Fmedia&parent=10"}],"curies":[{"name":"wp","href":"https:\/\/api.w.org\/{rel}","templated":true}]}}